{"id":3787,"date":"2024-08-06T20:10:57","date_gmt":"2024-08-06T20:10:57","guid":{"rendered":"https:\/\/kizu.bzotech.com\/?page_id=3787"},"modified":"2026-03-26T14:18:10","modified_gmt":"2026-03-26T07:18:10","slug":"ve-chung-toi","status":"publish","type":"page","link":"https:\/\/hungphatfurniture.vn\/?page_id=3787","title":{"rendered":"Gi\u1edbi thi\u1ec7u"},"content":{"rendered":"\t\t<div data-elementor-type=\"wp-page\" data-elementor-id=\"3787\" class=\"elementor elementor-3787\">\n\t\t\t\t<div class=\"elementor-element elementor-element-6c8b63d e-flex e-con-boxed e-con e-parent\" data-id=\"6c8b63d\" data-element_type=\"container\" data-e-type=\"container\">\n\t\t\t\t\t<div class=\"e-con-inner\">\n\t\t<div class=\"elementor-element elementor-element-162185a e-con-full e-flex e-con e-child\" data-id=\"162185a\" data-element_type=\"container\" data-e-type=\"container\">\n\t\t\t\t<div class=\"elementor-element elementor-element-f97efd2 elementor-widget elementor-widget-bzotech-breadcrumb-global\" data-id=\"f97efd2\" data-element_type=\"widget\" data-e-type=\"widget\" data-widget_type=\"bzotech-breadcrumb-global.default\">\n\t\t\t\t<div class=\"elementor-widget-container\">\n\t\t\t\t\t<div class=\"elbzotech-bread-crumb-global bread-crumb-global-\">\r\n\t<div class=\"elbzotech-bread-crumb-global__content container-flex-e flex-wrapper\">\r\n\t\t<a class=\"bread-crumb-e\" href=\"https:\/\/hungphatfurniture.vn\/\">Home<\/a>\t<\/div>\r\n<\/div>\t\t\t\t<\/div>\n\t\t\t\t<\/div>\n\t\t\t\t<\/div>\n\t\t\t\t\t<\/div>\n\t\t\t\t<\/div>\n\t\t<div class=\"elementor-element elementor-element-5373cc5 e-flex e-con-boxed e-con e-parent\" data-id=\"5373cc5\" data-element_type=\"container\" data-e-type=\"container\">\n\t\t\t\t\t<div class=\"e-con-inner\">\n\t\t<div class=\"elementor-element elementor-element-44de7d5 e-con-full e-flex e-con e-child\" data-id=\"44de7d5\" data-element_type=\"container\" data-e-type=\"container\">\n\t\t\t\t<div class=\"elementor-element elementor-element-a6b8857 elementor-widget elementor-widget-bzotech-heading-global\" data-id=\"a6b8857\" data-element_type=\"widget\" data-e-type=\"widget\" data-widget_type=\"bzotech-heading-global.default\">\n\t\t\t\t<div class=\"elementor-widget-container\">\n\t\t\t\t\t<h2 class=\"  container-flex-e elbzotech-heading-global font-title text-css-e font-medium title34 color-title elbzotech-heading-global-style1\">Ch\u00fang t\u00f4i l\u00e0 ai?<span class=\"type-title_shadow\"><\/span><\/h2>\t\t\t\t<\/div>\n\t\t\t\t<\/div>\n\t\t\t\t<div class=\"elementor-element elementor-element-5851334 elementor-widget elementor-widget-bzotech-heading-global\" data-id=\"5851334\" data-element_type=\"widget\" data-e-type=\"widget\" data-widget_type=\"bzotech-heading-global.default\">\n\t\t\t\t<div class=\"elementor-widget-container\">\n\t\t\t\t\t<div class=\"elbzotech-text-editor-global text-css-e \"><p class=\"\" data-start=\"117\" data-end=\"408\">N\u1ed9i Th\u1ea5t H\u01b0ng Ph\u00e1t l\u00e0 \u0111\u01a1n v\u1ecb chuy\u00ean thi\u1ebft k\u1ebf v\u00e0 thi c\u00f4ng n\u1ed9i th\u1ea5t tr\u1ecdn g\u00f3i cho chung c\u01b0, nh\u00e0 ph\u1ed1 v\u00e0 bi\u1ec7t th\u1ef1. Ch\u00fang t\u00f4i t\u1ef1 h\u00e0o s\u1edf h\u1eefu \u0111\u1ed9i ng\u0169 ki\u1ebfn tr\u00fac s\u01b0 s\u00e1ng t\u1ea1o c\u00f9ng nh\u1eefng ng\u01b0\u1eddi th\u1ee3 l\u00e0nh ngh\u1ec1, lu\u00f4n t\u00e2m ni\u1ec7m m\u1ed7i s\u1ea3n ph\u1ea9m ra \u0111\u1eddi ph\u1ea3i l\u00e0 s\u1ef1 k\u1ebft h\u1ee3p ho\u00e0n h\u1ea3o gi\u1eefa c\u00f4ng n\u0103ng s\u1eed d\u1ee5ng v\u00e0 t\u00ednh th\u1ea9m m\u1ef9 cao.<\/p><\/div>\t\t\t\t<\/div>\n\t\t\t\t<\/div>\n\t\t\t\t<\/div>\n\t\t<div class=\"elementor-element elementor-element-7b5d113 e-con-full e-flex e-con e-child\" data-id=\"7b5d113\" data-element_type=\"container\" data-e-type=\"container\">\n\t\t\t\t<div class=\"elementor-element elementor-element-32d5ca2 elementor-widget elementor-widget-bzotech-banner-info-global\" data-id=\"32d5ca2\" data-element_type=\"widget\" data-e-type=\"widget\" data-widget_type=\"bzotech-banner-info-global.default\">\n\t\t\t\t<div class=\"elementor-widget-container\">\n\t\t\t\t\t<div class=\"elbzotech-banner-info-global-wrap elbzotech-banner-info-global-elbzotech-bndf zoom-image elbzotech-hidden wrap-flex-e-elbzotech-info-inner\" >\r\n\t\t\t<div class=\"elbzotech-banner-info-global-thumb zoom-image elbzotech-hidden\" >\r\n\t\t\t<a class=\"adv-thumb-link  elementor-animation-\" rel=\"nofollow\" role=\"button\" >\r\n\t\t\t\t\t\t\t\t\t\t\t\t<img fetchpriority=\"high\" decoding=\"async\" width=\"1000\" height=\"600\" src=\"https:\/\/hungphatfurniture.vn\/wp-content\/uploads\/2025\/04\/abou1.png\" class=\"attachment-full size-full wp-image-23386\" alt=\"\" srcset=\"https:\/\/hungphatfurniture.vn\/wp-content\/uploads\/2025\/04\/abou1.png 1000w, https:\/\/hungphatfurniture.vn\/wp-content\/uploads\/2025\/04\/abou1-600x360.png 600w, https:\/\/hungphatfurniture.vn\/wp-content\/uploads\/2025\/04\/abou1-300x180.png 300w, https:\/\/hungphatfurniture.vn\/wp-content\/uploads\/2025\/04\/abou1-768x461.png 768w\" sizes=\"(max-width: 1000px) 100vw, 1000px\" \/>\t\t\t\t\t\t\t<\/a>\r\n\t\t<\/div>\r\n\t<\/div>\t\t\t\t<\/div>\n\t\t\t\t<\/div>\n\t\t\t\t<\/div>\n\t\t\t\t\t<\/div>\n\t\t\t\t<\/div>\n\t\t<div class=\"elementor-element elementor-element-173ed45 e-flex e-con-boxed e-con e-parent\" data-id=\"173ed45\" data-element_type=\"container\" data-e-type=\"container\">\n\t\t\t\t\t<div class=\"e-con-inner\">\n\t\t<div class=\"elementor-element elementor-element-3afaf87 e-con-full e-flex e-con e-child\" data-id=\"3afaf87\" data-element_type=\"container\" data-e-type=\"container\">\n\t\t\t\t<div class=\"elementor-element elementor-element-4def333 elementor-widget elementor-widget-bzotech-heading-global\" data-id=\"4def333\" data-element_type=\"widget\" data-e-type=\"widget\" data-widget_type=\"bzotech-heading-global.default\">\n\t\t\t\t<div class=\"elementor-widget-container\">\n\t\t\t\t\t<h2 class=\"  container-flex-e elbzotech-heading-global font-title text-css-e font-medium title34 color-title elbzotech-heading-global-style1\">Ch\u1ea5t l\u01b0\u1ee3ng th\u1ef1c - Gi\u00e1 tr\u1ecb th\u1ef1c.<span class=\"type-title_shadow\"><\/span><\/h2>\t\t\t\t<\/div>\n\t\t\t\t<\/div>\n\t\t\t\t<div class=\"elementor-element elementor-element-1613ed7 elementor-widget elementor-widget-bzotech-heading-global\" data-id=\"1613ed7\" data-element_type=\"widget\" data-e-type=\"widget\" data-widget_type=\"bzotech-heading-global.default\">\n\t\t\t\t<div class=\"elementor-widget-container\">\n\t\t\t\t\t<div class=\"elbzotech-text-editor-global text-css-e \"><p>V\u1edbi quy tr\u00ecnh s\u1ea3n xu\u1ea5t tr\u1ef1c ti\u1ebfp t\u1ea1i x\u01b0\u1edfng v\u00e0 cam k\u1ebft minh b\u1ea1ch v\u1ec1 v\u1eadt li\u1ec7u, H\u01b0ng Ph\u00e1t t\u1ef1 h\u00e0o mang \u0111\u1ebfn nh\u1eefng s\u1ea3n ph\u1ea9m n\u1ed9i th\u1ea5t b\u1ec1n b\u1ec9 theo n\u0103m th\u00e1ng, song h\u00e0nh c\u00f9ng ch\u00ednh s\u00e1ch b\u1ea3o tr\u00ec tr\u1ecdn \u0111\u1eddi.<\/p><\/div>\t\t\t\t<\/div>\n\t\t\t\t<\/div>\n\t\t\t\t<\/div>\n\t\t\t\t\t<\/div>\n\t\t\t\t<\/div>\n\t\t<div class=\"elementor-element elementor-element-4a3052f e-flex e-con-boxed e-con e-parent\" data-id=\"4a3052f\" data-element_type=\"container\" data-e-type=\"container\">\n\t\t\t\t\t<div class=\"e-con-inner\">\n\t\t<div class=\"elementor-element elementor-element-68c4a8c e-con-full e-flex e-con e-child\" data-id=\"68c4a8c\" data-element_type=\"container\" data-e-type=\"container\">\n\t\t\t\t<div class=\"elementor-element elementor-element-e329439 elementor-widget elementor-widget-bzotech-banner-info-global\" data-id=\"e329439\" data-element_type=\"widget\" data-e-type=\"widget\" data-widget_type=\"bzotech-banner-info-global.default\">\n\t\t\t\t<div class=\"elementor-widget-container\">\n\t\t\t\t\t<div class=\"elbzotech-banner-info-global-wrap elbzotech-banner-info-global-elbzotech-bndf zoom-image elbzotech-hidden wrap-flex-e-elbzotech-info-inner\" >\r\n\t\t\t<div class=\"elbzotech-banner-info-global-thumb zoom-image elbzotech-hidden\" >\r\n\t\t\t<a class=\"adv-thumb-link  elementor-animation-\" rel=\"nofollow\" role=\"button\" >\r\n\t\t\t\t\t\t\t\t\t\t\t\t<img decoding=\"async\" width=\"1000\" height=\"600\" src=\"https:\/\/hungphatfurniture.vn\/wp-content\/uploads\/2025\/04\/about2.png\" class=\"attachment-full size-full wp-image-23385\" alt=\"\" srcset=\"https:\/\/hungphatfurniture.vn\/wp-content\/uploads\/2025\/04\/about2.png 1000w, https:\/\/hungphatfurniture.vn\/wp-content\/uploads\/2025\/04\/about2-600x360.png 600w, https:\/\/hungphatfurniture.vn\/wp-content\/uploads\/2025\/04\/about2-300x180.png 300w, https:\/\/hungphatfurniture.vn\/wp-content\/uploads\/2025\/04\/about2-768x461.png 768w\" sizes=\"(max-width: 1000px) 100vw, 1000px\" \/>\t\t\t\t\t\t\t<\/a>\r\n\t\t<\/div>\r\n\t<\/div>\t\t\t\t<\/div>\n\t\t\t\t<\/div>\n\t\t\t\t<\/div>\n\t\t<div class=\"elementor-element elementor-element-c360dcd e-con-full e-flex e-con e-child\" data-id=\"c360dcd\" data-element_type=\"container\" data-e-type=\"container\">\n\t\t\t\t<div class=\"elementor-element elementor-element-4e7e562 elementor-widget elementor-widget-bzotech-heading-global\" data-id=\"4e7e562\" data-element_type=\"widget\" data-e-type=\"widget\" data-widget_type=\"bzotech-heading-global.default\">\n\t\t\t\t<div class=\"elementor-widget-container\">\n\t\t\t\t\t<h2 class=\"  container-flex-e elbzotech-heading-global font-title text-css-e font-medium title34 color-title elbzotech-heading-global-style1\">T\u1ea1i sao n\u00ean ch\u1ecdn N\u1ed9i Th\u1ea5t H\u01b0ng Ph\u00e1t?<span class=\"type-title_shadow\"><\/span><\/h2>\t\t\t\t<\/div>\n\t\t\t\t<\/div>\n\t\t\t\t<div class=\"elementor-element elementor-element-e254e58 elementor-widget elementor-widget-bzotech-list-link-global\" data-id=\"e254e58\" data-element_type=\"widget\" data-e-type=\"widget\" data-widget_type=\"bzotech-list-link-global.default\">\n\t\t\t\t<div class=\"elementor-widget-container\">\n\t\t\t\t\t\t<div class=\"elbzotech-list-link-global-block elbzotech-list-link-global \">\r\n\t\t\t\t\t<a class=\"item-link icon-position-left icon-check-yes elementor-repeater-item-d1592e9  e-font-title \">\r\n\r\n\t\t\t\t<i class=\"icon icon-checked\"><\/i><span class=\"title\">V\u1eadt li\u1ec7u minh b\u1ea1ch: Cam k\u1ebft s\u1eed d\u1ee5ng \u0111\u00fang ch\u1ee7ng lo\u1ea1i g\u1ed7 (MDF c\u1ed1t xanh, nh\u1ef1a cao c\u1ea5p) theo th\u1ecfa thu\u1eadn, n\u00f3i kh\u00f4ng v\u1edbi h\u00e0ng k\u00e9m ch\u1ea5t l\u01b0\u1ee3ng.<\/span>\t\t\t<\/a>\r\n\t\t\t\t\t\t\t\t\t<a class=\"item-link icon-position-left icon-check-yes elementor-repeater-item-0dabb4b  e-font-title \">\r\n\r\n\t\t\t\t<i class=\"icon icon-checked\"><\/i><span class=\"title\">Thi c\u00f4ng may \u0111o: M\u1ed7i s\u1ea3n ph\u1ea9m \u0111\u1ec1u \u0111\u01b0\u1ee3c \u0111o \u0111\u1ea1c v\u00e0 thi\u1ebft k\u1ebf ri\u00eang, \u0111\u1ea3m b\u1ea3o v\u1eeba kh\u00edt v\u1edbi kh\u00f4ng gian th\u1ef1c t\u1ebf, kh\u00f4ng c\u00f3 k\u1ebd h\u1edf.<\/span>\t\t\t<\/a>\r\n\t\t\t\t\t\t\t\t\t<a class=\"item-link icon-position-left icon-check-yes elementor-repeater-item-b4a22dc  e-font-title \">\r\n\r\n\t\t\t\t<i class=\"icon icon-checked\"><\/i><span class=\"title\">Gi\u00e1 g\u1ed1c t\u1ea1i x\u01b0\u1edfng: T\u1ed1i \u01b0u chi ph\u00ed t\u1eeb 20-30% nh\u1edd quy tr\u00ecnh s\u1ea3n xu\u1ea5t tr\u1ef1c ti\u1ebfp, kh\u00f4ng qua trung gian.<\/span>\t\t\t<\/a>\r\n\t\t\t\t\t\t\t\t\t<a class=\"item-link icon-position-left icon-check-yes elementor-repeater-item-0174024  e-font-title \">\r\n\r\n\t\t\t\t<i class=\"icon icon-checked\"><\/i><span class=\"title\">H\u1eadu m\u00e3i t\u1eadn t\u00e2m: Ch\u1ebf \u0111\u1ed9 b\u1ea3o h\u00e0nh 2-5 n\u0103m v\u00e0 b\u1ea3o tr\u00ec tr\u1ecdn \u0111\u1eddi, h\u1ed7 tr\u1ee3 kh\u00e1ch h\u00e0ng nhanh ch\u00f3ng trong 24h.<\/span>\t\t\t<\/a>\r\n\t\t\t\t\t\t\t<\/div>\r\n\t\t\t\t\t<\/div>\n\t\t\t\t<\/div>\n\t\t\t\t<\/div>\n\t\t\t\t\t<\/div>\n\t\t\t\t<\/div>\n\t\t<div class=\"elementor-element elementor-element-ff5976d e-flex e-con-boxed e-con e-parent\" data-id=\"ff5976d\" data-element_type=\"container\" data-e-type=\"container\">\n\t\t\t\t\t<div class=\"e-con-inner\">\n\t\t<div class=\"elementor-element elementor-element-af132de e-con-full e-flex e-con e-child\" data-id=\"af132de\" data-element_type=\"container\" data-e-type=\"container\">\n\t\t\t\t<div class=\"elementor-element elementor-element-7157456 elementor-view-default elementor-widget elementor-widget-icon\" data-id=\"7157456\" data-element_type=\"widget\" data-e-type=\"widget\" data-widget_type=\"icon.default\">\n\t\t\t\t\t\t\t<div class=\"elementor-icon-wrapper\">\n\t\t\t<div class=\"elementor-icon\">\n\t\t\t<i aria-hidden=\"true\" class=\"fas fa-quote-right\"><\/i>\t\t\t<\/div>\n\t\t<\/div>\n\t\t\t\t\t\t<\/div>\n\t\t\t\t<div class=\"elementor-element elementor-element-9242328 elementor-widget elementor-widget-bzotech-heading-global\" data-id=\"9242328\" data-element_type=\"widget\" data-e-type=\"widget\" data-widget_type=\"bzotech-heading-global.default\">\n\t\t\t\t<div class=\"elementor-widget-container\">\n\t\t\t\t\t<h2 class=\"  container-flex-e elbzotech-heading-global font-title text-css-e font-medium title34 color-title elbzotech-heading-global-style1\">H\u01b0ng Ph\u00e1t kh\u00f4ng ch\u1ec9 cung c\u1ea5p nh\u1eefng m\u00f3n \u0111\u1ed3 r\u1eddi r\u1ea1c \u2014 ch\u00fang t\u00f4i mang \u0111\u1ebfn gi\u1ea3i ph\u00e1p t\u1ed5ng th\u1ec3 \u0111\u1ec3 t\u1ed1i \u01b0u di\u1ec7n t\u00edch, bi\u1ebfn m\u1ed7i g\u00f3c nh\u1ecf trong ng\u00f4i nh\u00e0 th\u00e0nh m\u1ed9t t\u00e1c ph\u1ea9m ngh\u1ec7 thu\u1eadt \u0111\u1ea7y c\u00f4ng n\u0103ng.<span class=\"type-title_shadow\"><\/span><\/h2>\t\t\t\t<\/div>\n\t\t\t\t<\/div>\n\t\t\t\t<div class=\"elementor-element elementor-element-33d3895 elementor-widget elementor-widget-bzotech-heading-global\" data-id=\"33d3895\" data-element_type=\"widget\" data-e-type=\"widget\" data-widget_type=\"bzotech-heading-global.default\">\n\t\t\t\t<div class=\"elementor-widget-container\">\n\t\t\t\t\t<div class=\"elbzotech-text-editor-global text-css-e \"><p>H\u01b0ng Ph\u00e1t<\/p><p><span style=\"color: #666666;\">CEO<\/span><\/p><\/div>\t\t\t\t<\/div>\n\t\t\t\t<\/div>\n\t\t\t\t<\/div>\n\t\t<div class=\"elementor-element elementor-element-7c0d8a1 e-con-full e-flex e-con e-child\" data-id=\"7c0d8a1\" data-element_type=\"container\" data-e-type=\"container\">\n\t\t\t\t<div class=\"elementor-element elementor-element-a039e6b elementor-widget elementor-widget-bzotech-banner-info-global\" data-id=\"a039e6b\" data-element_type=\"widget\" data-e-type=\"widget\" data-widget_type=\"bzotech-banner-info-global.default\">\n\t\t\t\t<div class=\"elementor-widget-container\">\n\t\t\t\t\t<div class=\"elbzotech-banner-info-global-wrap elbzotech-banner-info-global-elbzotech-bndf zoom-image elbzotech-hidden wrap-flex-e-elbzotech-info-inner\" >\r\n\t\t\t<div class=\"elbzotech-banner-info-global-thumb zoom-image elbzotech-hidden\" >\r\n\t\t\t<a class=\"adv-thumb-link  elementor-animation-\" rel=\"nofollow\" role=\"button\" >\r\n\t\t\t\t\t\t\t\t\t\t\t\t<img decoding=\"async\" width=\"500\" height=\"630\" src=\"https:\/\/hungphatfurniture.vn\/wp-content\/uploads\/2025\/04\/about3.png\" class=\"attachment-full size-full wp-image-23387\" alt=\"\" srcset=\"https:\/\/hungphatfurniture.vn\/wp-content\/uploads\/2025\/04\/about3.png 500w, https:\/\/hungphatfurniture.vn\/wp-content\/uploads\/2025\/04\/about3-238x300.png 238w\" sizes=\"(max-width: 500px) 100vw, 500px\" \/>\t\t\t\t\t\t\t<\/a>\r\n\t\t<\/div>\r\n\t<\/div>\t\t\t\t<\/div>\n\t\t\t\t<\/div>\n\t\t\t\t<\/div>\n\t\t\t\t\t<\/div>\n\t\t\t\t<\/div>\n\t\t\t\t<\/div>\n\t\t","protected":false},"excerpt":{"rendered":"<p>Home Ch\u00fang t\u00f4i l\u00e0 ai? N\u1ed9i Th\u1ea5t H\u01b0ng Ph\u00e1t l\u00e0 \u0111\u01a1n v\u1ecb chuy\u00ean thi\u1ebft k\u1ebf v\u00e0 thi c\u00f4ng n\u1ed9i th\u1ea5t tr\u1ecdn g\u00f3i cho chung c\u01b0, nh\u00e0 ph\u1ed1 v\u00e0 bi\u1ec7t th\u1ef1. Ch\u00fang t\u00f4i t\u1ef1 h\u00e0o s\u1edf h\u1eefu \u0111\u1ed9i ng\u0169 ki\u1ebfn tr\u00fac s\u01b0 s\u00e1ng t\u1ea1o c\u00f9ng nh\u1eefng ng\u01b0\u1eddi th\u1ee3 l\u00e0nh ngh\u1ec1, lu\u00f4n t\u00e2m ni\u1ec7m m\u1ed7i s\u1ea3n ph\u1ea9m [&hellip;]<\/p>\n","protected":false},"author":1,"featured_media":0,"parent":0,"menu_order":0,"comment_status":"closed","ping_status":"closed","template":"elementor-template.php","meta":{"footnotes":""},"class_list":["post-3787","page","type-page","status-publish","hentry"],"_links":{"self":[{"href":"https:\/\/hungphatfurniture.vn\/index.php?rest_route=\/wp\/v2\/pages\/3787","targetHints":{"allow":["GET"]}}],"collection":[{"href":"https:\/\/hungphatfurniture.vn\/index.php?rest_route=\/wp\/v2\/pages"}],"about":[{"href":"https:\/\/hungphatfurniture.vn\/index.php?rest_route=\/wp\/v2\/types\/page"}],"author":[{"embeddable":true,"href":"https:\/\/hungphatfurniture.vn\/index.php?rest_route=\/wp\/v2\/users\/1"}],"replies":[{"embeddable":true,"href":"https:\/\/hungphatfurniture.vn\/index.php?rest_route=%2Fwp%2Fv2%2Fcomments&post=3787"}],"version-history":[{"count":19,"href":"https:\/\/hungphatfurniture.vn\/index.php?rest_route=\/wp\/v2\/pages\/3787\/revisions"}],"predecessor-version":[{"id":23856,"href":"https:\/\/hungphatfurniture.vn\/index.php?rest_route=\/wp\/v2\/pages\/3787\/revisions\/23856"}],"wp:attachment":[{"href":"https:\/\/hungphatfurniture.vn\/index.php?rest_route=%2Fwp%2Fv2%2Fmedia&parent=3787"}],"curies":[{"name":"wp","href":"https:\/\/api.w.org\/{rel}","templated":true}]}}