{"id":3788,"date":"2024-08-06T20:11:09","date_gmt":"2024-08-06T20:11:09","guid":{"rendered":"https:\/\/kizu.bzotech.com\/?page_id=3788"},"modified":"2026-05-09T02:19:14","modified_gmt":"2026-05-08T19:19:14","slug":"lien-he","status":"publish","type":"page","link":"https:\/\/hungphatfurniture.vn\/lien-he\/","title":{"rendered":"Li\u00ean h\u1ec7"},"content":{"rendered":"\t\t<div data-elementor-type=\"wp-page\" data-elementor-id=\"3788\" class=\"elementor elementor-3788\">\n\t\t\t\t<div class=\"elementor-element elementor-element-f7d770d e-flex e-con-boxed e-con e-parent\" data-id=\"f7d770d\" data-element_type=\"container\" data-e-type=\"container\">\n\t\t\t\t\t<div class=\"e-con-inner\">\n\t\t<div class=\"elementor-element elementor-element-ef2ab7c e-con-full e-flex e-con e-child\" data-id=\"ef2ab7c\" data-element_type=\"container\" data-e-type=\"container\">\n\t\t\t\t<div class=\"elementor-element elementor-element-b5e2432 elementor-widget elementor-widget-bzotech-breadcrumb-global\" data-id=\"b5e2432\" data-element_type=\"widget\" data-e-type=\"widget\" data-widget_type=\"bzotech-breadcrumb-global.default\">\n\t\t\t\t<div class=\"elementor-widget-container\">\n\t\t\t\t\t<div class=\"elbzotech-bread-crumb-global bread-crumb-global-\">\r\n\t<div class=\"elbzotech-bread-crumb-global__content container-flex-e flex-wrapper\">\r\n\t\t<a class=\"bread-crumb-e\" href=\"https:\/\/hungphatfurniture.vn\/\">Home<\/a>\t<\/div>\r\n<\/div>\t\t\t\t<\/div>\n\t\t\t\t<\/div>\n\t\t\t\t<\/div>\n\t\t\t\t\t<\/div>\n\t\t\t\t<\/div>\n\t\t<div class=\"elementor-element elementor-element-4806233 e-flex e-con-boxed e-con e-parent\" data-id=\"4806233\" data-element_type=\"container\" data-e-type=\"container\">\n\t\t\t\t\t<div class=\"e-con-inner\">\n\t\t<div class=\"elementor-element elementor-element-81eed2b e-con-full e-flex e-con e-child\" data-id=\"81eed2b\" data-element_type=\"container\" data-e-type=\"container\">\n\t\t\t\t<div class=\"elementor-element elementor-element-569729a elementor-widget elementor-widget-bzotech-heading-global\" data-id=\"569729a\" data-element_type=\"widget\" data-e-type=\"widget\" data-widget_type=\"bzotech-heading-global.default\">\n\t\t\t\t<div class=\"elementor-widget-container\">\n\t\t\t\t\t<h2 class=\"  container-flex-e elbzotech-heading-global font-title text-css-e font-medium title34 color-title elbzotech-heading-global-style1\">K\u1ebft n\u1ed1i c\u00f9ng N\u1ed9i Th\u1ea5t H\u01b0ng Ph\u00e1t<span class=\"type-title_shadow\"><\/span><\/h2>\t\t\t\t<\/div>\n\t\t\t\t<\/div>\n\t\t\t\t<\/div>\n\t\t\t\t\t<\/div>\n\t\t\t\t<\/div>\n\t\t<div class=\"elementor-element elementor-element-c848a95 e-flex e-con-boxed e-con e-parent\" data-id=\"c848a95\" data-element_type=\"container\" data-e-type=\"container\">\n\t\t\t\t\t<div class=\"e-con-inner\">\n\t\t<div class=\"elementor-element elementor-element-c39c157 e-con-full e-flex e-con e-child\" data-id=\"c39c157\" data-element_type=\"container\" data-e-type=\"container\">\n\t\t\t\t<div class=\"elementor-element elementor-element-98ec02b elementor-widget elementor-widget-bzotech-heading-global\" data-id=\"98ec02b\" data-element_type=\"widget\" data-e-type=\"widget\" data-widget_type=\"bzotech-heading-global.default\">\n\t\t\t\t<div class=\"elementor-widget-container\">\n\t\t\t\t\t<h2 class=\"  container-flex-e elbzotech-heading-global font-title text-css-e font-medium title34 color-title elbzotech-heading-global-style1\">B\u1ea1n \u0111ang c\u1ea7n t\u01b0 v\u1ea5n cho kh\u00f4ng gian s\u1ed1ng m\u01a1 \u01b0\u1edbc? H\u00e3y \u0111\u1ec3 l\u1ea1i th\u00f4ng tin ho\u1eb7c li\u00ean h\u1ec7 tr\u1ef1c ti\u1ebfp v\u1edbi ch\u00fang t\u00f4i \u0111\u1ec3 \u0111\u01b0\u1ee3c kh\u1ea3o s\u00e1t v\u00e0 b\u00e1o gi\u00e1 mi\u1ec5n ph\u00ed t\u1eadn n\u01a1i.<span class=\"type-title_shadow\"><\/span><\/h2>\t\t\t\t<\/div>\n\t\t\t\t<\/div>\n\t\t\t\t<div class=\"elementor-element elementor-element-e1692a6 elementor-widget elementor-widget-bzotech-heading-global\" data-id=\"e1692a6\" data-element_type=\"widget\" data-e-type=\"widget\" data-widget_type=\"bzotech-heading-global.default\">\n\t\t\t\t<div class=\"elementor-widget-container\">\n\t\t\t\t\t<h2 class=\"  container-flex-e elbzotech-heading-global font-title text-css-e font-medium title34 color-title elbzotech-heading-global-style1\">\u0110\u1ecba ch\u1ec9<span class=\"type-title_shadow\"><\/span><\/h2>\t\t\t\t<\/div>\n\t\t\t\t<\/div>\n\t\t\t\t<div class=\"elementor-element elementor-element-c07fb60 elementor-widget elementor-widget-bzotech-heading-global\" data-id=\"c07fb60\" data-element_type=\"widget\" data-e-type=\"widget\" data-widget_type=\"bzotech-heading-global.default\">\n\t\t\t\t<div class=\"elementor-widget-container\">\n\t\t\t\t\t<div class=\"elbzotech-text-editor-global text-css-e \"><p>370 Tr\u1ea7n H\u01b0ng \u0110\u1ea1o, D\u0129 An, H\u1ed3 Ch\u00ed Minh.<\/p><\/div>\t\t\t\t<\/div>\n\t\t\t\t<\/div>\n\t\t\t\t<div class=\"elementor-element elementor-element-c6ad5d7 elementor-widget elementor-widget-spacer\" data-id=\"c6ad5d7\" data-element_type=\"widget\" data-e-type=\"widget\" data-widget_type=\"spacer.default\">\n\t\t\t\t\t\t\t<div class=\"elementor-spacer\">\n\t\t\t<div class=\"elementor-spacer-inner\"><\/div>\n\t\t<\/div>\n\t\t\t\t\t\t<\/div>\n\t\t<div class=\"elementor-element elementor-element-3faac2c e-con-full e-flex e-con e-child\" data-id=\"3faac2c\" data-element_type=\"container\" data-e-type=\"container\">\n\t\t<div class=\"elementor-element elementor-element-88e2222 e-con-full e-flex e-con e-child\" data-id=\"88e2222\" data-element_type=\"container\" data-e-type=\"container\">\n\t\t\t\t<div class=\"elementor-element elementor-element-4bba363 elementor-widget elementor-widget-bzotech-heading-global\" data-id=\"4bba363\" data-element_type=\"widget\" data-e-type=\"widget\" data-widget_type=\"bzotech-heading-global.default\">\n\t\t\t\t<div class=\"elementor-widget-container\">\n\t\t\t\t\t<h2 class=\"  container-flex-e elbzotech-heading-global font-title text-css-e font-medium title34 color-title elbzotech-heading-global-style1\">Hotline<span class=\"type-title_shadow\"><\/span><\/h2>\t\t\t\t<\/div>\n\t\t\t\t<\/div>\n\t\t\t\t<div class=\"elementor-element elementor-element-1ace132 elementor-widget elementor-widget-bzotech-heading-global\" data-id=\"1ace132\" data-element_type=\"widget\" data-e-type=\"widget\" data-widget_type=\"bzotech-heading-global.default\">\n\t\t\t\t<div class=\"elementor-widget-container\">\n\t\t\t\t\t<div class=\"elbzotech-text-editor-global text-css-e \"><a href=\"tel:0966537636\">0966 537 636<\/a><\/div>\t\t\t\t<\/div>\n\t\t\t\t<\/div>\n\t\t\t\t<\/div>\n\t\t<div class=\"elementor-element elementor-element-01995b3 e-con-full e-flex e-con e-child\" data-id=\"01995b3\" data-element_type=\"container\" data-e-type=\"container\">\n\t\t\t\t<div class=\"elementor-element elementor-element-50932e0 elementor-widget elementor-widget-bzotech-heading-global\" data-id=\"50932e0\" data-element_type=\"widget\" data-e-type=\"widget\" data-widget_type=\"bzotech-heading-global.default\">\n\t\t\t\t<div class=\"elementor-widget-container\">\n\t\t\t\t\t<h2 class=\"  container-flex-e elbzotech-heading-global font-title text-css-e font-medium title34 color-title elbzotech-heading-global-style1\">Email<span class=\"type-title_shadow\"><\/span><\/h2>\t\t\t\t<\/div>\n\t\t\t\t<\/div>\n\t\t\t\t<div class=\"elementor-element elementor-element-8dbce9f elementor-widget elementor-widget-bzotech-heading-global\" data-id=\"8dbce9f\" data-element_type=\"widget\" data-e-type=\"widget\" data-widget_type=\"bzotech-heading-global.default\">\n\t\t\t\t<div class=\"elementor-widget-container\">\n\t\t\t\t\t<div class=\"elbzotech-text-editor-global text-css-e \"><p><a href=\"mailto:tranvansy01102000@gmail.com\">tranvansy01102000@gmail.com<\/a><\/p><\/div>\t\t\t\t<\/div>\n\t\t\t\t<\/div>\n\t\t\t\t<\/div>\n\t\t\t\t<\/div>\n\t\t<div class=\"elementor-element elementor-element-9b658f0 e-con-full e-flex e-con e-child\" data-id=\"9b658f0\" data-element_type=\"container\" data-e-type=\"container\">\n\t\t<div class=\"elementor-element elementor-element-1d3d065 e-con-full e-flex e-con e-child\" data-id=\"1d3d065\" data-element_type=\"container\" data-e-type=\"container\">\n\t\t\t\t<div class=\"elementor-element elementor-element-bfafb87 elementor-widget elementor-widget-bzotech-heading-global\" data-id=\"bfafb87\" data-element_type=\"widget\" data-e-type=\"widget\" data-widget_type=\"bzotech-heading-global.default\">\n\t\t\t\t<div class=\"elementor-widget-container\">\n\t\t\t\t\t<h2 class=\"  container-flex-e elbzotech-heading-global font-title text-css-e font-medium title34 color-title elbzotech-heading-global-style1\">Gi\u1edd l\u00e0m vi\u1ec7c<span class=\"type-title_shadow\"><\/span><\/h2>\t\t\t\t<\/div>\n\t\t\t\t<\/div>\n\t\t\t\t<div class=\"elementor-element elementor-element-69af679 elementor-widget elementor-widget-bzotech-heading-global\" data-id=\"69af679\" data-element_type=\"widget\" data-e-type=\"widget\" data-widget_type=\"bzotech-heading-global.default\">\n\t\t\t\t<div class=\"elementor-widget-container\">\n\t\t\t\t\t<div class=\"elbzotech-text-editor-global text-css-e \"><p>Th\u1ee9 2 &#8211; Th\u1ee9 7 | 08:00 &#8211; 17:00<\/p><\/div>\t\t\t\t<\/div>\n\t\t\t\t<\/div>\n\t\t\t\t<\/div>\n\t\t\t\t<\/div>\n\t\t\t\t<\/div>\n\t\t<div class=\"elementor-element elementor-element-d373e9b e-con-full e-flex e-con e-child\" data-id=\"d373e9b\" data-element_type=\"container\" data-e-type=\"container\">\n\t\t\t\t<div class=\"elementor-element elementor-element-09297db custom-form-contact elementor-widget elementor-widget-shortcode\" data-id=\"09297db\" data-element_type=\"widget\" data-e-type=\"widget\" data-widget_type=\"shortcode.default\">\n\t\t\t\t\t\t\t<div class=\"elementor-shortcode\">\n<div class=\"wpcf7 no-js\" id=\"wpcf7-f16-o1\" lang=\"en-US\" dir=\"ltr\" data-wpcf7-id=\"16\">\n<div class=\"screen-reader-response\"><p role=\"status\" aria-live=\"polite\" aria-atomic=\"true\"><\/p> <ul><\/ul><\/div>\n<form action=\"\/index.php?rest_route=%2Fwp%2Fv2%2Fpages%2F3788#wpcf7-f16-o1\" method=\"post\" class=\"wpcf7-form init\" aria-label=\"Contact form\" novalidate=\"novalidate\" data-status=\"init\">\n<fieldset class=\"hidden-fields-container\"><input type=\"hidden\" name=\"_wpcf7\" value=\"16\" \/><input type=\"hidden\" name=\"_wpcf7_version\" value=\"6.1.5\" \/><input type=\"hidden\" name=\"_wpcf7_locale\" value=\"en_US\" \/><input type=\"hidden\" name=\"_wpcf7_unit_tag\" value=\"wpcf7-f16-o1\" \/><input type=\"hidden\" name=\"_wpcf7_container_post\" value=\"0\" \/><input type=\"hidden\" name=\"_wpcf7_posted_data_hash\" value=\"\" \/>\n<\/fieldset>\n<div class=\"form-contact-page\">\n\t<p><span class=\"wpcf7-form-control-wrap\" data-name=\"your-name\"><input size=\"40\" maxlength=\"400\" class=\"wpcf7-form-control wpcf7-text wpcf7-validates-as-required\" aria-required=\"true\" aria-invalid=\"false\" placeholder=\"Your Name *\" value=\"\" type=\"text\" name=\"your-name\" \/><\/span><br \/>\n<span class=\"wpcf7-form-control-wrap\" data-name=\"your-email\"><input size=\"40\" maxlength=\"400\" class=\"wpcf7-form-control wpcf7-email wpcf7-validates-as-required wpcf7-text wpcf7-validates-as-email\" aria-required=\"true\" aria-invalid=\"false\" placeholder=\"Your E-mail *\" value=\"\" type=\"email\" name=\"your-email\" \/><\/span><br \/>\n<span class=\"wpcf7-form-control-wrap\" data-name=\"your-phone\"><input class=\"wpcf7-form-control wpcf7-number wpcf7-validates-as-number\" aria-invalid=\"false\" placeholder=\"Your Phone *\" value=\"\" type=\"number\" name=\"your-phone\" \/><\/span><br \/>\n<span class=\"wpcf7-form-control-wrap\" data-name=\"your-message\"><textarea cols=\"40\" rows=\"10\" maxlength=\"2000\" class=\"wpcf7-form-control wpcf7-textarea\" aria-invalid=\"false\" placeholder=\"Message *\" name=\"your-message\"><\/textarea><\/span><br \/>\n<input class=\"wpcf7-form-control wpcf7-submit has-spinner elbzotech-bt-global-default\" type=\"submit\" value=\"Send Message\" \/>\n\t<\/p>\n<\/div><div class=\"wpcf7-response-output\" aria-hidden=\"true\"><\/div>\n<\/form>\n<\/div>\n<\/div>\n\t\t\t\t\t\t<\/div>\n\t\t\t\t<\/div>\n\t\t\t\t\t<\/div>\n\t\t\t\t<\/div>\n\t\t<div class=\"elementor-element elementor-element-b89afdd e-flex e-con-boxed e-con e-parent\" data-id=\"b89afdd\" data-element_type=\"container\" data-e-type=\"container\" id=\"map\">\n\t\t\t\t\t<div class=\"e-con-inner\">\n\t\t<div class=\"elementor-element elementor-element-0aaddcf e-con-full e-flex e-con e-child\" data-id=\"0aaddcf\" data-element_type=\"container\" data-e-type=\"container\">\n\t\t\t\t<div class=\"elementor-element elementor-element-970b7e9 elementor-widget elementor-widget-google_maps\" data-id=\"970b7e9\" data-element_type=\"widget\" data-e-type=\"widget\" data-widget_type=\"google_maps.default\">\n\t\t\t\t\t\t\t<div class=\"elementor-custom-embed\">\n\t\t\t<iframe loading=\"lazy\"\n\t\t\t\t\tsrc=\"https:\/\/maps.google.com\/maps?q=370%20Tr%E1%BA%A7n%20H%C6%B0ng%20%C4%90%E1%BA%A1o%2C%20D%C4%A9%20An%2C%20H%E1%BB%93%20Ch%C3%AD%20Minh.&#038;t=m&#038;z=16&#038;output=embed&#038;iwloc=near\"\n\t\t\t\t\ttitle=\"370 Tr\u1ea7n H\u01b0ng \u0110\u1ea1o, D\u0129 An, H\u1ed3 Ch\u00ed Minh.\"\n\t\t\t\t\taria-label=\"370 Tr\u1ea7n H\u01b0ng \u0110\u1ea1o, D\u0129 An, H\u1ed3 Ch\u00ed Minh.\"\n\t\t\t><\/iframe>\n\t\t<\/div>\n\t\t\t\t\t\t<\/div>\n\t\t\t\t<\/div>\n\t\t\t\t\t<\/div>\n\t\t\t\t<\/div>\n\t\t\t\t<\/div>\n\t\t","protected":false},"excerpt":{"rendered":"<p>Home K\u1ebft n\u1ed1i c\u00f9ng N\u1ed9i Th\u1ea5t H\u01b0ng Ph\u00e1t B\u1ea1n \u0111ang c\u1ea7n t\u01b0 v\u1ea5n cho kh\u00f4ng gian s\u1ed1ng m\u01a1 \u01b0\u1edbc? H\u00e3y \u0111\u1ec3 l\u1ea1i th\u00f4ng tin ho\u1eb7c li\u00ean h\u1ec7 tr\u1ef1c ti\u1ebfp v\u1edbi ch\u00fang t\u00f4i \u0111\u1ec3 \u0111\u01b0\u1ee3c kh\u1ea3o s\u00e1t v\u00e0 b\u00e1o gi\u00e1 mi\u1ec5n ph\u00ed t\u1eadn n\u01a1i. \u0110\u1ecba ch\u1ec9 370 Tr\u1ea7n H\u01b0ng \u0110\u1ea1o, D\u0129 An, H\u1ed3 Ch\u00ed Minh. Hotline [&hellip;]<\/p>\n","protected":false},"author":1,"featured_media":0,"parent":0,"menu_order":0,"comment_status":"closed","ping_status":"closed","template":"elementor-template.php","meta":{"footnotes":""},"class_list":["post-3788","page","type-page","status-publish","hentry"],"_links":{"self":[{"href":"https:\/\/hungphatfurniture.vn\/wp-json\/wp\/v2\/pages\/3788","targetHints":{"allow":["GET"]}}],"collection":[{"href":"https:\/\/hungphatfurniture.vn\/wp-json\/wp\/v2\/pages"}],"about":[{"href":"https:\/\/hungphatfurniture.vn\/wp-json\/wp\/v2\/types\/page"}],"author":[{"embeddable":true,"href":"https:\/\/hungphatfurniture.vn\/wp-json\/wp\/v2\/users\/1"}],"replies":[{"embeddable":true,"href":"https:\/\/hungphatfurniture.vn\/wp-json\/wp\/v2\/comments?post=3788"}],"version-history":[{"count":7,"href":"https:\/\/hungphatfurniture.vn\/wp-json\/wp\/v2\/pages\/3788\/revisions"}],"predecessor-version":[{"id":23966,"href":"https:\/\/hungphatfurniture.vn\/wp-json\/wp\/v2\/pages\/3788\/revisions\/23966"}],"wp:attachment":[{"href":"https:\/\/hungphatfurniture.vn\/wp-json\/wp\/v2\/media?parent=3788"}],"curies":[{"name":"wp","href":"https:\/\/api.w.org\/{rel}","templated":true}]}}