{"id":21067,"date":"2025-01-03T07:20:58","date_gmt":"2025-01-03T07:20:58","guid":{"rendered":"https:\/\/kizu.bzotech.com\/?post_type=product&#038;p=21067"},"modified":"2026-03-25T20:18:29","modified_gmt":"2026-03-25T13:18:29","slug":"giuong-ngu-boc-nem-hien-dai","status":"publish","type":"product","link":"https:\/\/hungphatfurniture.vn\/?product=giuong-ngu-boc-nem-hien-dai","title":{"rendered":"Gi\u01b0\u1eddng ng\u1ee7 b\u1ecdc n\u1ec7m hi\u1ec7n \u0111\u1ea1i"},"content":{"rendered":"<p data-path-to-node=\"3,0\">Kh\u00f4ng ch\u1ec9 \u0111\u01a1n thu\u1ea7n l\u00e0 m\u1ed9t m\u00f3n \u0111\u1ed3 n\u1ed9i th\u1ea5t, m\u1eabu gi\u01b0\u1eddng ng\u1ee7 b\u1ecdc n\u1ec7m th\u1ebf h\u1ec7 m\u1edbi n\u00e0y l\u00e0 s\u1ef1 k\u1ebft h\u1ee3p ho\u00e0n h\u1ea3o gi\u1eefa th\u1ea9m m\u1ef9 tinh t\u1ebf v\u00e0 c\u00f4ng ngh\u1ec7 \u00e1nh s\u00e1ng hi\u1ec7n \u0111\u1ea1i. \u0110i\u1ec3m nh\u1ea5n \u1ea5n t\u01b0\u1ee3ng nh\u1ea5t ch\u00ednh l\u00e0 h\u1ec7 th\u1ed1ng \u0111\u00e8n LED \u00e2m g\u1ea7m t\u1ea1o hi\u1ec7u \u1ee9ng &#8216;gi\u01b0\u1eddng bay&#8217; \u0111\u1ed9c \u0111\u00e1o, kh\u00f4ng ch\u1ec9 mang l\u1ea1i ngu\u1ed3n s\u00e1ng d\u1ecbu nh\u1eb9 cho ban \u0111\u00eam m\u00e0 c\u00f2n n\u00e2ng t\u1ea7m \u0111\u1eb3ng c\u1ea5p cho to\u00e0n b\u1ed9 ph\u00f2ng ng\u1ee7.<\/p>\n<p data-path-to-node=\"3,1\">To\u00e0n b\u1ed9 th\u00e2n gi\u01b0\u1eddng \u0111\u01b0\u1ee3c b\u1ecdc n\u1ec7m cao c\u1ea5p v\u1edbi gam m\u00e0u x\u00e1m trung t\u00ednh, thi\u1ebft k\u1ebf \u0111\u1ea7u gi\u01b0\u1eddng m\u00fai d\u1ecdc mang h\u01a1i h\u01b0\u1edbng ki\u1ebfn tr\u00fac \u0111\u01b0\u01a1ng \u0111\u1ea1i, \u0111\u1ea3m b\u1ea3o s\u1ef1 \u00eam \u00e1i tuy\u1ec7t \u0111\u1ed1i m\u1ed7i khi b\u1ea1n t\u1ef1a l\u01b0ng \u0111\u1ecdc s\u00e1ch hay th\u01b0 gi\u00e3n. \u0110\u00e2y ch\u00ednh l\u00e0 gi\u1ea3i ph\u00e1p ho\u00e0n h\u1ea3o \u0111\u1ec3 ki\u1ebfn t\u1ea1o m\u1ed9t &#8216;resort t\u1ea1i gia&#8217; \u0111\u00fang ngh\u0129a cho gia ch\u1ee7.<\/p>\n","protected":false},"excerpt":{"rendered":"<p>Thi\u1ebft k\u1ebf b\u1ecdc n\u1ec7m cao c\u1ea5p k\u1ebft h\u1ee3p h\u1ec7 \u0111\u00e8n LED tinh t\u1ebf, mang l\u1ea1i kh\u00f4ng gian ngh\u1ec9 ng\u01a1i sang tr\u1ecdng v\u00e0 \u1ea5m c\u00fang cho ph\u00f2ng ng\u1ee7 c\u1ee7a b\u1ea1n.<\/p>\n","protected":false},"featured_media":23694,"comment_status":"open","ping_status":"closed","template":"","meta":[],"product_brand":[],"product_cat":[38,37,35,39],"product_tag":[],"class_list":{"0":"post-21067","1":"product","2":"type-product","3":"status-publish","4":"has-post-thumbnail","6":"product_cat-ban-trang-diem","7":"product_cat-giuong","8":"product_cat-ke-tivi","9":"product_cat-tu-giay","11":"first","12":"instock","13":"sale","14":"shipping-taxable","15":"purchasable","16":"product-type-simple"},"_links":{"self":[{"href":"https:\/\/hungphatfurniture.vn\/index.php?rest_route=\/wp\/v2\/product\/21067","targetHints":{"allow":["GET"]}}],"collection":[{"href":"https:\/\/hungphatfurniture.vn\/index.php?rest_route=\/wp\/v2\/product"}],"about":[{"href":"https:\/\/hungphatfurniture.vn\/index.php?rest_route=\/wp\/v2\/types\/product"}],"replies":[{"embeddable":true,"href":"https:\/\/hungphatfurniture.vn\/index.php?rest_route=%2Fwp%2Fv2%2Fcomments&post=21067"}],"version-history":[{"count":2,"href":"https:\/\/hungphatfurniture.vn\/index.php?rest_route=\/wp\/v2\/product\/21067\/revisions"}],"predecessor-version":[{"id":23696,"href":"https:\/\/hungphatfurniture.vn\/index.php?rest_route=\/wp\/v2\/product\/21067\/revisions\/23696"}],"wp:featuredmedia":[{"embeddable":true,"href":"https:\/\/hungphatfurniture.vn\/index.php?rest_route=\/wp\/v2\/media\/23694"}],"wp:attachment":[{"href":"https:\/\/hungphatfurniture.vn\/index.php?rest_route=%2Fwp%2Fv2%2Fmedia&parent=21067"}],"wp:term":[{"taxonomy":"product_brand","embeddable":true,"href":"https:\/\/hungphatfurniture.vn\/index.php?rest_route=%2Fwp%2Fv2%2Fproduct_brand&post=21067"},{"taxonomy":"product_cat","embeddable":true,"href":"https:\/\/hungphatfurniture.vn\/index.php?rest_route=%2Fwp%2Fv2%2Fproduct_cat&post=21067"},{"taxonomy":"product_tag","embeddable":true,"href":"https:\/\/hungphatfurniture.vn\/index.php?rest_route=%2Fwp%2Fv2%2Fproduct_tag&post=21067"}],"curies":[{"name":"wp","href":"https:\/\/api.w.org\/{rel}","templated":true}]}}