{"id":21069,"date":"2025-01-03T07:21:21","date_gmt":"2025-01-03T07:21:21","guid":{"rendered":"https:\/\/kizu.bzotech.com\/?post_type=product&#038;p=21069"},"modified":"2026-03-26T07:05:32","modified_gmt":"2026-03-26T00:05:32","slug":"tu-quan-ao-hien-dai-ms003","status":"publish","type":"product","link":"https:\/\/hungphatfurniture.vn\/?product=tu-quan-ao-hien-dai-ms003","title":{"rendered":"T\u1ee7 Qu\u1ea7n \u00c1o Hi\u1ec7n \u0110\u1ea1i MS003"},"content":{"rendered":"<p data-path-to-node=\"8\"><b data-path-to-node=\"8\" data-index-in-node=\"0\">Tr\u1ea3i nghi\u1ec7m kh\u00f4ng gian s\u1ed1ng ch\u1ea5t l\u01b0\u1ee3ng<\/b><\/p>\n<p data-path-to-node=\"8\">M\u1eabu t\u1ee7 MS003 \u0111\u01b0\u1ee3c \u0111\u1ed9i ng\u0169 H\u01b0ng Ph\u00e1t thi\u1ebft k\u1ebf d\u00e0nh ri\u00eang cho nh\u1eefng c\u0103n h\u1ed9 hi\u1ec7n \u0111\u1ea1i, \u01b0u ti\u00ean s\u1ef1 th\u00f4ng tho\u00e1ng v\u00e0 t\u00ednh th\u1ea9m m\u1ef9 cao. V\u1edbi s\u1ef1 k\u1ebft h\u1ee3p gi\u1eefa ch\u1ea5t li\u1ec7u g\u1ed7 c\u00f4ng nghi\u1ec7p b\u1ec1n b\u1ec9 v\u00e0 k\u00ednh c\u01b0\u1eddng l\u1ef1c xuy\u00ean th\u1ea5u, MS002 t\u1ea1o n\u00ean chi\u1ec1u s\u00e2u cho ph\u00f2ng ng\u1ee7, gi\u00fap b\u1ea1n d\u1ec5 d\u00e0ng l\u1ef1a ch\u1ecdn trang ph\u1ee5c m\u1ed7i ng\u00e0y.<\/p>\n<p data-path-to-node=\"9\"><b data-path-to-node=\"9\" data-index-in-node=\"0\">\u0110i\u1ec3m n\u1ed5i b\u1eadt c\u1ee7a s\u1ea3n ph\u1ea9m:<\/b><\/p>\n<ul data-path-to-node=\"10\">\n<li>\n<p data-path-to-node=\"10,0,0\"><b data-path-to-node=\"10,0,0\" data-index-in-node=\"0\">H\u1ec7 c\u00e1nh k\u00ednh cao c\u1ea5p:<\/b> S\u1eed d\u1ee5ng k\u00ednh c\u01b0\u1eddng l\u1ef1c m\u00e0u tr\u00e0\/kh\u00f3i sang tr\u1ecdng, l\u1ed3ng trong khung nh\u00f4m \u0111\u1ecbnh h\u00ecnh m\u1ecfng nh\u1eb9 nh\u01b0ng c\u1ef1c k\u1ef3 ch\u1eafc ch\u1eafn, t\u1ea1o hi\u1ec7u \u1ee9ng m\u1edd \u1ea3o v\u00e0 \u0111\u1eb3ng c\u1ea5p.<\/p>\n<\/li>\n<li>\n<p data-path-to-node=\"10,1,0\"><b data-path-to-node=\"10,1,0\" data-index-in-node=\"0\">Thi\u1ebft k\u1ebf k\u1ecbch tr\u1ea7n:<\/b> T\u1eadn d\u1ee5ng 100% di\u1ec7n t\u00edch chi\u1ec1u cao ph\u00f2ng, gi\u00fap l\u01b0u tr\u1eef t\u1ed1i \u0111a \u0111\u1ed3 d\u00f9ng c\u00e1 nh\u00e2n, ch\u0103n ga v\u00e0 gi\u1ea3i quy\u1ebft tri\u1ec7t \u0111\u1ec3 v\u1ea5n \u0111\u1ec1 b\u1ee5i b\u1ea9n tr\u00ean n\u00f3c t\u1ee7.<\/p>\n<\/li>\n<li>\n<p data-path-to-node=\"10,2,0\"><b data-path-to-node=\"10,2,0\" data-index-in-node=\"0\">Ph\u00e2n chia khoang khoa h\u1ecdc:<\/b> B\u00ean trong \u0111\u01b0\u1ee3c chia th\u00e0nh nhi\u1ec1u ng\u0103n treo \u0111\u1ed3 d\u00e0i, \u0111\u1ed3 g\u1ea5p v\u00e0 ng\u0103n k\u00e9o nh\u1ecf \u0111\u1ef1ng ph\u1ee5 ki\u1ec7n, gi\u00fap s\u1eafp x\u1ebfp v\u1eadt d\u1ee5ng ng\u0103n n\u1eafp, khoa h\u1ecdc.<\/p>\n<\/li>\n<li>\n<p data-path-to-node=\"10,3,0\"><b data-path-to-node=\"10,3,0\" data-index-in-node=\"0\">Ch\u1ea5t li\u1ec7u \u01b0u vi\u1ec7t:<\/b> Th\u00e2n t\u1ee7 l\u00e0m t\u1eeb g\u1ed7 MDF c\u1ed1t xanh ch\u1ed1ng \u1ea9m chu\u1ea9n Th\u00e1i Lan, b\u1ec1 m\u1eb7t ph\u1ee7 Melamine v\u00e2n g\u1ed7 s\u1eafc n\u00e9t, ch\u1ed1ng tr\u1ea7y x\u01b0\u1edbc v\u00e0 \u1ea9m m\u1ed1c tuy\u1ec7t \u0111\u1ed1i.<\/p>\n<\/li>\n<li>\n<p data-path-to-node=\"10,4,0\"><b data-path-to-node=\"10,4,0\" data-index-in-node=\"0\">H\u1ec7 th\u1ed1ng \u0111\u00e8n LED (T\u00f9y ch\u1ecdn):<\/b> C\u00f3 th\u1ec3 t\u00edch h\u1ee3p \u0111\u00e8n LED c\u1ea3m bi\u1ebfn th\u00f4ng minh b\u00ean trong c\u00e1c khoang k\u00ednh, t\u1ef1 \u0111\u1ed9ng s\u00e1ng khi m\u1edf c\u1eeda, t\u1ea1o v\u1ebb lung linh v\u00e0o ban \u0111\u00eam.<\/p>\n<\/li>\n<\/ul>\n<p data-path-to-node=\"11\"><b data-path-to-node=\"11\" data-index-in-node=\"0\">Th\u00f4ng s\u1ed1 k\u1ef9 thu\u1eadt:<\/b><\/p>\n<ul data-path-to-node=\"12\">\n<li>\n<p data-path-to-node=\"12,0,0\"><b data-path-to-node=\"12,0,0\" data-index-in-node=\"0\">M\u00e3 s\u1ea3n ph\u1ea9m:<\/b> MS003<\/p>\n<\/li>\n<li>\n<p data-path-to-node=\"12,1,0\"><b data-path-to-node=\"12,1,0\" data-index-in-node=\"0\">K\u00edch th\u01b0\u1edbc:<\/b> \u0110o \u0111\u1ea1c v\u00e0 thi c\u00f4ng chu\u1ea9n x\u00e1c theo k\u00edch th\u01b0\u1edbc th\u1ef1c t\u1ebf t\u1ea1i c\u00f4ng tr\u00ecnh.<\/p>\n<\/li>\n<li>\n<p data-path-to-node=\"12,2,0\"><b data-path-to-node=\"12,2,0\" data-index-in-node=\"0\">V\u1eadt li\u1ec7u:<\/b> MDF c\u1ed1t xanh ch\u1ed1ng \u1ea9m + C\u00e1nh k\u00ednh khung nh\u00f4m cao c\u1ea5p.<\/p>\n<\/li>\n<li>\n<p data-path-to-node=\"12,3,0\"><b data-path-to-node=\"12,3,0\" data-index-in-node=\"0\">M\u00e0u s\u1eafc:<\/b> T\u00f9y ch\u1ecdn ph\u1ed1i m\u00e0u theo s\u1edf th\u00edch c\u00e1 nh\u00e2n.<\/p>\n<\/li>\n<li>\n<p data-path-to-node=\"12,4,0\"><b data-path-to-node=\"12,4,0\" data-index-in-node=\"0\">Th\u01b0\u01a1ng hi\u1ec7u:<\/b> N\u1ed9i Th\u1ea5t H\u01b0ng Ph\u00e1t.<\/p>\n<\/li>\n<\/ul>\n","protected":false},"excerpt":{"rendered":"<p>S\u1edf h\u1eefu thi\u1ebft k\u1ebf k\u1ecbch tr\u1ea7n th\u00f4ng minh c\u00f9ng \u0111\u01b0\u1eddng n\u00e9t tinh t\u1ebf, m\u1eabu t\u1ee7 n\u00e0y l\u00e0 gi\u1ea3i ph\u00e1p l\u01b0u tr\u1eef ho\u00e0n h\u1ea3o cho ph\u00f2ng ng\u1ee7 hi\u1ec7n \u0111\u1ea1i. S\u1ef1 k\u1ebft h\u1ee3p gi\u1eefa ch\u1ea5t li\u1ec7u cao c\u1ea5p v\u00e0 c\u00e1ch ph\u00e2n chia ng\u0103n khoa h\u1ecdc kh\u00f4ng ch\u1ec9 gi\u00fap c\u0103n ph\u00f2ng lu\u00f4n g\u1ecdn g\u00e0ng m\u00e0 c\u00f2n t\u1ea1o \u0111i\u1ec3m nh\u1ea5n sang tr\u1ecdng, kh\u1eb3ng \u0111\u1ecbnh gu th\u1ea9m m\u1ef9 tinh t\u1ebf c\u1ee7a gia ch\u1ee7.<\/p>\n","protected":false},"featured_media":23808,"comment_status":"open","ping_status":"closed","template":"","meta":[],"product_brand":[32],"product_cat":[38,37,35,46,39,36,45],"product_tag":[],"class_list":{"0":"post-21069","1":"product","2":"type-product","3":"status-publish","4":"has-post-thumbnail","6":"product_brand-ecoshop","7":"product_cat-ban-trang-diem","8":"product_cat-giuong","9":"product_cat-ke-tivi","10":"product_cat-tu-bep","11":"product_cat-tu-giay","12":"product_cat-tu-quan-ao","13":"product_cat-vach-tivi","15":"first","16":"instock","17":"shipping-taxable","18":"purchasable","19":"product-type-simple"},"_links":{"self":[{"href":"https:\/\/hungphatfurniture.vn\/index.php?rest_route=\/wp\/v2\/product\/21069","targetHints":{"allow":["GET"]}}],"collection":[{"href":"https:\/\/hungphatfurniture.vn\/index.php?rest_route=\/wp\/v2\/product"}],"about":[{"href":"https:\/\/hungphatfurniture.vn\/index.php?rest_route=\/wp\/v2\/types\/product"}],"replies":[{"embeddable":true,"href":"https:\/\/hungphatfurniture.vn\/index.php?rest_route=%2Fwp%2Fv2%2Fcomments&post=21069"}],"version-history":[{"count":4,"href":"https:\/\/hungphatfurniture.vn\/index.php?rest_route=\/wp\/v2\/product\/21069\/revisions"}],"predecessor-version":[{"id":23811,"href":"https:\/\/hungphatfurniture.vn\/index.php?rest_route=\/wp\/v2\/product\/21069\/revisions\/23811"}],"wp:featuredmedia":[{"embeddable":true,"href":"https:\/\/hungphatfurniture.vn\/index.php?rest_route=\/wp\/v2\/media\/23808"}],"wp:attachment":[{"href":"https:\/\/hungphatfurniture.vn\/index.php?rest_route=%2Fwp%2Fv2%2Fmedia&parent=21069"}],"wp:term":[{"taxonomy":"product_brand","embeddable":true,"href":"https:\/\/hungphatfurniture.vn\/index.php?rest_route=%2Fwp%2Fv2%2Fproduct_brand&post=21069"},{"taxonomy":"product_cat","embeddable":true,"href":"https:\/\/hungphatfurniture.vn\/index.php?rest_route=%2Fwp%2Fv2%2Fproduct_cat&post=21069"},{"taxonomy":"product_tag","embeddable":true,"href":"https:\/\/hungphatfurniture.vn\/index.php?rest_route=%2Fwp%2Fv2%2Fproduct_tag&post=21069"}],"curies":[{"name":"wp","href":"https:\/\/api.w.org\/{rel}","templated":true}]}}