{"id":23223,"date":"2025-04-14T02:33:19","date_gmt":"2025-04-14T02:33:19","guid":{"rendered":"https:\/\/kizu.bzotech.com\/?post_type=product&#038;p=23223"},"modified":"2026-03-26T06:55:50","modified_gmt":"2026-03-25T23:55:50","slug":"ke-tivi-hien-dai-ms001","status":"publish","type":"product","link":"https:\/\/hungphatfurniture.vn\/?product=ke-tivi-hien-dai-ms001","title":{"rendered":"K\u1ec7 Tivi Hi\u1ec7n \u0110\u1ea1i MS001"},"content":{"rendered":"<p data-path-to-node=\"8\"><b data-path-to-node=\"8\" data-index-in-node=\"0\">\u0110i\u1ec3m nh\u1ea5n tinh t\u1ebf cho ph\u00f2ng kh\u00e1ch hi\u1ec7n \u0111\u1ea1i<\/b> Ph\u00f2ng kh\u00e1ch l\u00e0 b\u1ed9 m\u1eb7t c\u1ee7a ng\u00f4i nh\u00e0, v\u00e0 chi\u1ebfc k\u1ec7 tivi ch\u00ednh l\u00e0 t\u00e2m \u0111i\u1ec3m k\u1ebft n\u1ed1i m\u1ecdi \u00e1nh nh\u00ecn. M\u1eabu k\u1ec7 tivi MS001 \u0111\u01b0\u1ee3c N\u1ed9i Th\u1ea5t H\u01b0ng Ph\u00e1t thi\u1ebft k\u1ebf theo phong c\u00e1ch hi\u1ec7n \u0111\u1ea1i, \u01b0u ti\u00ean s\u1ef1 g\u1ecdn g\u00e0ng v\u00e0 t\u00ednh \u1ee9ng d\u1ee5ng, \u0111\u1eb7c bi\u1ec7t ph\u00f9 h\u1ee3p cho c\u00e1c c\u0103n h\u1ed9 chung c\u01b0 ho\u1eb7c nh\u00e0 ph\u1ed1 c\u00f3 di\u1ec7n t\u00edch v\u1eeba v\u00e0 nh\u1ecf.<\/p>\n<p data-path-to-node=\"9\"><b data-path-to-node=\"9\" data-index-in-node=\"0\">\u0110\u1eb7c \u0111i\u1ec3m n\u1ed5i b\u1eadt c\u1ee7a s\u1ea3n ph\u1ea9m:<\/b><\/p>\n<ul data-path-to-node=\"10\">\n<li>\n<p data-path-to-node=\"10,0,0\"><b data-path-to-node=\"10,0,0\" data-index-in-node=\"0\">Thi\u1ebft k\u1ebf treo t\u01b0\u1eddng th\u00f4ng minh:<\/b> Gi\u00fap gi\u1ea3i ph\u00f3ng di\u1ec7n t\u00edch s\u00e0n nh\u00e0, t\u1ea1o c\u1ea3m gi\u00e1c kh\u00f4ng gian r\u1ed9ng r\u00e3i h\u01a1n v\u00e0 v\u00f4 c\u00f9ng thu\u1eadn ti\u1ec7n cho vi\u1ec7c v\u1ec7 sinh, h\u00fat b\u1ee5i d\u01b0\u1edbi g\u1ea7m k\u1ec7.<\/p>\n<\/li>\n<li>\n<p data-path-to-node=\"10,1,0\"><b data-path-to-node=\"10,1,0\" data-index-in-node=\"0\">C\u1ea5u t\u1ea1o \u0111a n\u0103ng:<\/b> H\u1ec7 th\u1ed1ng ng\u0103n k\u00e9o r\u1ed9ng r\u00e3i gi\u00fap b\u1ea1n c\u1ea5t gi\u1eef \u0111i\u1ec1u khi\u1ec3n, s\u00e1ch b\u00e1o, thi\u1ebft b\u1ecb \u0111i\u1ec7n t\u1eed g\u1ecdn g\u00e0ng. C\u00e1c h\u1ed9c k\u1ec7 h\u1edf \u0111\u01b0\u1ee3c t\u00ednh to\u00e1n v\u1ecb tr\u00ed tinh t\u1ebf \u0111\u1ec3 \u0111\u1eb7t \u0111\u1ea7u thu, m\u00e1y ch\u01a1i game ho\u1eb7c c\u00e1c m\u00f3n \u0111\u1ed3 trang tr\u00ed nh\u1ecf.<\/p>\n<\/li>\n<li>\n<p data-path-to-node=\"10,2,0\"><b data-path-to-node=\"10,2,0\" data-index-in-node=\"0\">Ch\u1ea5t li\u1ec7u cao c\u1ea5p:<\/b> Thi c\u00f4ng t\u1eeb g\u1ed7 MDF c\u1ed1t xanh ch\u1ed1ng \u1ea9m (ho\u1eb7c nh\u1ef1a cao c\u1ea5p t\u00f9y ch\u1ecdn) gi\u00fap s\u1ea3n ph\u1ea9m kh\u00f4ng b\u1ecb cong v\u00eanh, m\u1ed1i m\u1ecdt v\u00e0 ch\u1ecbu l\u1ef1c c\u1ef1c t\u1ed1t khi treo t\u01b0\u1eddng.<\/p>\n<\/li>\n<li>\n<p data-path-to-node=\"10,3,0\"><b data-path-to-node=\"10,3,0\" data-index-in-node=\"0\">Ph\u1ed1i m\u00e0u sang tr\u1ecdng:<\/b> S\u1ef1 \u0111an xen gi\u1eefa s\u1eafc tr\u1eafng tinh kh\u00f4i v\u00e0 m\u00e0u v\u00e2n g\u1ed7 t\u1ef1 nhi\u00ean t\u1ea1o n\u00ean c\u1ea3m gi\u00e1c \u1ea5m c\u00fang nh\u01b0ng kh\u00f4ng k\u00e9m ph\u1ea7n th\u1eddi th\u01b0\u1ee3ng.<\/p>\n<\/li>\n<li>\n<p data-path-to-node=\"10,4,0\"><b data-path-to-node=\"10,4,0\" data-index-in-node=\"0\">\u0110\u1ed9 ho\u00e0n thi\u1ec7n s\u1eafc n\u00e9t:<\/b> C\u00e1c g\u00f3c c\u1ea1nh \u0111\u01b0\u1ee3c x\u1eed l\u00fd t\u1ec9 m\u1ec9, ph\u1ee5 ki\u1ec7n b\u1ea3n l\u1ec1 v\u00e0 ray tr\u01b0\u1ee3t gi\u1ea3m ch\u1ea5n gi\u00fap m\u1ecdi thao t\u00e1c \u0111\u00f3ng m\u1edf tr\u1edf n\u00ean nh\u1eb9 nh\u00e0ng, \u00eam \u00e1i.<\/p>\n<\/li>\n<\/ul>\n<p data-path-to-node=\"11\"><b data-path-to-node=\"11\" data-index-in-node=\"0\">Th\u00f4ng s\u1ed1 k\u1ef9 thu\u1eadt:<\/b><\/p>\n<ul data-path-to-node=\"12\">\n<li>\n<p data-path-to-node=\"12,0,0\"><b data-path-to-node=\"12,0,0\" data-index-in-node=\"0\">M\u00e3 s\u1ea3n ph\u1ea9m:<\/b> MS001<\/p>\n<\/li>\n<li>\n<p data-path-to-node=\"12,1,0\"><b data-path-to-node=\"12,1,0\" data-index-in-node=\"0\">Ch\u1ea5t li\u1ec7u:<\/b> MDF c\u1ed1t xanh ch\u1ed1ng \u1ea9m ph\u1ee7 Melamine cao c\u1ea5p.<\/p>\n<\/li>\n<li>\n<p data-path-to-node=\"12,2,0\"><b data-path-to-node=\"12,2,0\" data-index-in-node=\"0\">K\u00edch th\u01b0\u1edbc:<\/b> Chi\u1ec1u d\u00e0i linh ho\u1ea1t (1m6, 1m8, 2m&#8230;) t\u00f9y ch\u1ec9nh theo kh\u00f4ng gian th\u1ef1c t\u1ebf c\u1ee7a kh\u00e1ch h\u00e0ng.<\/p>\n<\/li>\n<li>\n<p data-path-to-node=\"12,3,0\"><b data-path-to-node=\"12,3,0\" data-index-in-node=\"0\">M\u00e0u s\u1eafc:<\/b> Tr\u1eafng ph\u1ed1i v\u00e2n g\u1ed7 s\u00e1ng.<\/p>\n<\/li>\n<li>\n<p data-path-to-node=\"12,4,0\"><b data-path-to-node=\"12,4,0\" data-index-in-node=\"0\">Th\u01b0\u01a1ng hi\u1ec7u:<\/b> N\u1ed9i Th\u1ea5t H\u01b0ng Ph\u00e1t.<\/p>\n<\/li>\n<\/ul>\n","protected":false},"excerpt":{"rendered":"<p>V\u1edbi thi\u1ebft k\u1ebf treo t\u01b0\u1eddng t\u1ed1i gi\u1ea3n v\u00e0 thanh l\u1ecbch, k\u1ec7 tivi MS001 l\u00e0 l\u1ef1a ch\u1ecdn l\u00fd t\u01b0\u1edfng cho ph\u00f2ng kh\u00e1ch hi\u1ec7n \u0111\u1ea1i. S\u1ef1 k\u1ebft h\u1ee3p tinh t\u1ebf gi\u1eefa t\u00f4ng m\u00e0u tr\u1eafng v\u00e0 v\u00e2n g\u1ed7 s\u00e1ng kh\u00f4ng ch\u1ec9 gi\u00fap kh\u00f4ng gian th\u00eam tho\u00e1ng \u0111\u1ea1t m\u00e0 c\u00f2n mang l\u1ea1i v\u1ebb \u0111\u1eb9p sang tr\u1ecdng, g\u1ecdn g\u00e0ng cho khu v\u1ef1c gi\u1ea3i tr\u00ed c\u1ee7a gia \u0111\u00ecnh b\u1ea1n.<\/p>\n","protected":false},"featured_media":23796,"comment_status":"open","ping_status":"closed","template":"","meta":[],"product_brand":[],"product_cat":[38,35,39,36],"product_tag":[58,56,47,50,57,55],"class_list":{"0":"post-23223","1":"product","2":"type-product","3":"status-publish","4":"has-post-thumbnail","6":"product_cat-ban-trang-diem","7":"product_cat-ke-tivi","8":"product_cat-tu-giay","9":"product_cat-tu-quan-ao","10":"product_tag-ketivigomdf","11":"product_tag-ketivihiendai","12":"product_tag-noithathungphat","13":"product_tag-noithatnhuacaocap","14":"product_tag-noithatphongkhach","15":"product_tag-thietkephongkhach","17":"first","18":"instock","19":"sale","20":"shipping-taxable","21":"purchasable","22":"product-type-simple"},"_links":{"self":[{"href":"https:\/\/hungphatfurniture.vn\/index.php?rest_route=\/wp\/v2\/product\/23223","targetHints":{"allow":["GET"]}}],"collection":[{"href":"https:\/\/hungphatfurniture.vn\/index.php?rest_route=\/wp\/v2\/product"}],"about":[{"href":"https:\/\/hungphatfurniture.vn\/index.php?rest_route=\/wp\/v2\/types\/product"}],"replies":[{"embeddable":true,"href":"https:\/\/hungphatfurniture.vn\/index.php?rest_route=%2Fwp%2Fv2%2Fcomments&post=23223"}],"version-history":[{"count":3,"href":"https:\/\/hungphatfurniture.vn\/index.php?rest_route=\/wp\/v2\/product\/23223\/revisions"}],"predecessor-version":[{"id":23798,"href":"https:\/\/hungphatfurniture.vn\/index.php?rest_route=\/wp\/v2\/product\/23223\/revisions\/23798"}],"wp:featuredmedia":[{"embeddable":true,"href":"https:\/\/hungphatfurniture.vn\/index.php?rest_route=\/wp\/v2\/media\/23796"}],"wp:attachment":[{"href":"https:\/\/hungphatfurniture.vn\/index.php?rest_route=%2Fwp%2Fv2%2Fmedia&parent=23223"}],"wp:term":[{"taxonomy":"product_brand","embeddable":true,"href":"https:\/\/hungphatfurniture.vn\/index.php?rest_route=%2Fwp%2Fv2%2Fproduct_brand&post=23223"},{"taxonomy":"product_cat","embeddable":true,"href":"https:\/\/hungphatfurniture.vn\/index.php?rest_route=%2Fwp%2Fv2%2Fproduct_cat&post=23223"},{"taxonomy":"product_tag","embeddable":true,"href":"https:\/\/hungphatfurniture.vn\/index.php?rest_route=%2Fwp%2Fv2%2Fproduct_tag&post=23223"}],"curies":[{"name":"wp","href":"https:\/\/api.w.org\/{rel}","templated":true}]}}