{"id":23235,"date":"2025-04-14T02:59:55","date_gmt":"2025-04-14T02:59:55","guid":{"rendered":"https:\/\/kizu.bzotech.com\/?post_type=product&#038;p=23235"},"modified":"2026-03-26T06:49:08","modified_gmt":"2026-03-25T23:49:08","slug":"ban-trang-diem-co-den-led-ms001","status":"publish","type":"product","link":"https:\/\/hungphatfurniture.vn\/?product=ban-trang-diem-co-den-led-ms001","title":{"rendered":"B\u00c0N TRANG \u0110I\u1ec2M C\u00d3 \u0110\u00c8N LED MS001"},"content":{"rendered":"<p data-path-to-node=\"8\"><b data-path-to-node=\"8\" data-index-in-node=\"0\">G\u00f3c l\u00e0m \u0111\u1eb9p ho\u00e0n h\u1ea3o cho n\u00e0ng hi\u1ec7n \u0111\u1ea1i<\/b> B\u00e0n trang \u0111i\u1ec3m MS001 \u0111\u01b0\u1ee3c N\u1ed9i Th\u1ea5t H\u01b0ng Ph\u00e1t thi\u1ebft k\u1ebf ch\u00fa tr\u1ecdng v\u00e0o t\u00ednh \u1ee9ng d\u1ee5ng cao. Kh\u00f4ng ch\u1ec9 l\u00e0 n\u01a1i trang \u0111i\u1ec3m, \u0111\u00e2y c\u00f2n l\u00e0 \u0111i\u1ec3m nh\u1ea5n th\u1ea9m m\u1ef9 gi\u00fap ph\u00f2ng ng\u1ee7 c\u1ee7a b\u1ea1n tr\u1edf n\u00ean ti\u1ec7n nghi v\u00e0 \u0111\u1eb3ng c\u1ea5p h\u01a1n.<\/p>\n<p data-path-to-node=\"9\"><b data-path-to-node=\"9\" data-index-in-node=\"0\">\u0110\u1eb7c \u0111i\u1ec3m n\u1ed5i b\u1eadt c\u1ee7a s\u1ea3n ph\u1ea9m:<\/b><\/p>\n<ul data-path-to-node=\"10\">\n<li>\n<p data-path-to-node=\"10,0,0\"><b data-path-to-node=\"10,0,0\" data-index-in-node=\"0\">G\u01b0\u01a1ng LED c\u1ea3m \u1ee9ng th\u00f4ng minh:<\/b> H\u1ec7 th\u1ed1ng \u0111\u00e8n LED t\u00edch h\u1ee3p tr\u1ef1c ti\u1ebfp tr\u00ean g\u01b0\u01a1ng gi\u00fap cung c\u1ea5p \u00e1nh s\u00e1ng ch\u00e2n th\u1ef1c, h\u1ed7 tr\u1ee3 vi\u1ec7c trang \u0111i\u1ec3m tr\u1edf n\u00ean d\u1ec5 d\u00e0ng v\u00e0 chu\u1ea9n x\u00e1c h\u01a1n bao gi\u1edd h\u1ebft.<\/p>\n<\/li>\n<li>\n<p data-path-to-node=\"10,1,0\"><b data-path-to-node=\"10,1,0\" data-index-in-node=\"0\">S\u1ee9c ch\u1ee9a \u1ea5n t\u01b0\u1ee3ng:<\/b> Thi\u1ebft k\u1ebf g\u1ed3m nhi\u1ec1u ng\u0103n k\u00e9o tr\u01b0\u1ee3t \u00eam \u00e1i, gi\u00fap b\u1ea1n tho\u1ea3i m\u00e1i ph\u00e2n lo\u1ea1i m\u1ef9 ph\u1ea9m, trang s\u1ee9c v\u00e0 ph\u1ee5 ki\u1ec7n. Ngo\u00e0i ra, k\u1ec7 trang tr\u00ed b\u00ean h\u00f4ng l\u00e0 n\u01a1i l\u00fd t\u01b0\u1edfng \u0111\u1ec3 \u0111\u1eb7t n\u01b0\u1edbc hoa ho\u1eb7c c\u00e1c m\u00f3n \u0111\u1ed3 decor xinh x\u1eafn.<\/p>\n<\/li>\n<li>\n<p data-path-to-node=\"10,2,0\"><b data-path-to-node=\"10,2,0\" data-index-in-node=\"0\">Ch\u1ea5t li\u1ec7u b\u1ec1n b\u1ec9:<\/b> S\u1ea3n ph\u1ea9m \u0111\u01b0\u1ee3c thi c\u00f4ng t\u1eeb ch\u1ea5t li\u1ec7u cao c\u1ea5p (g\u1ed7 MDF ch\u1ed1ng \u1ea9m ho\u1eb7c nh\u1ef1a cao c\u1ea5p theo y\u00eau c\u1ea7u), b\u1ec1 m\u1eb7t m\u1ecbn m\u00e0ng, ch\u1ed1ng tr\u1ea7y x\u01b0\u1edbc v\u00e0 c\u1ef1c k\u1ef3 d\u1ec5 v\u1ec7 sinh.<\/p>\n<\/li>\n<li>\n<p data-path-to-node=\"10,3,0\"><b data-path-to-node=\"10,3,0\" data-index-in-node=\"0\">Phong c\u00e1ch t\u1ed1i gi\u1ea3n:<\/b> Ph\u1ed1i m\u00e0u tr\u1eafng &#8211; g\u1ed7 nh\u00e3 nh\u1eb7n, d\u1ec5 d\u00e0ng h\u00f2a h\u1ee3p v\u1edbi m\u1ecdi phong c\u00e1ch n\u1ed9i th\u1ea5t t\u1eeb B\u1eafc \u00c2u (Scandinavian) \u0111\u1ebfn hi\u1ec7n \u0111\u1ea1i.<\/p>\n<\/li>\n<li>\n<p data-path-to-node=\"10,4,0\"><b data-path-to-node=\"10,4,0\" data-index-in-node=\"0\">K\u00edch th\u01b0\u1edbc nh\u1ecf g\u1ecdn:<\/b> \u0110\u01b0\u1ee3c t\u00ednh to\u00e1n k\u1ef9 l\u01b0\u1ee1ng \u0111\u1ec3 ph\u00f9 h\u1ee3p v\u1edbi c\u1ea3 nh\u1eefng c\u0103n h\u1ed9 chung c\u01b0 hay ph\u00f2ng ng\u1ee7 c\u00f3 di\u1ec7n t\u00edch h\u1ea1n ch\u1ebf.<\/p>\n<\/li>\n<\/ul>\n<p data-path-to-node=\"11\"><b data-path-to-node=\"11\" data-index-in-node=\"0\">Th\u00f4ng s\u1ed1 k\u1ef9 thu\u1eadt:<\/b><\/p>\n<ul data-path-to-node=\"12\">\n<li>\n<p data-path-to-node=\"12,0,0\"><b data-path-to-node=\"12,0,0\" data-index-in-node=\"0\">M\u00e3 s\u1ea3n ph\u1ea9m:<\/b> MS001<\/p>\n<\/li>\n<li>\n<p data-path-to-node=\"12,1,0\"><b data-path-to-node=\"12,1,0\" data-index-in-node=\"0\">Tr\u1ecdn b\u1ed9 bao g\u1ed3m:<\/b> B\u00e0n trang \u0111i\u1ec3m, g\u01b0\u01a1ng LED v\u00e0 gh\u1ebf \u0111\u1ec7m \u0111i k\u00e8m (t\u00f9y ch\u1ecdn).<\/p>\n<\/li>\n<li>\n<p data-path-to-node=\"12,2,0\"><b data-path-to-node=\"12,2,0\" data-index-in-node=\"0\">Ch\u1ea5t li\u1ec7u:<\/b> MDF c\u1ed1t xanh ch\u1ed1ng \u1ea9m \/ Nh\u1ef1a Vincoplast cao c\u1ea5p.<\/p>\n<\/li>\n<li>\n<p data-path-to-node=\"12,3,0\"><b data-path-to-node=\"12,3,0\" data-index-in-node=\"0\">K\u00edch th\u01b0\u1edbc:<\/b> May \u0111o theo y\u00eau c\u1ea7u th\u1ef1c t\u1ebf c\u1ee7a kh\u00e1ch h\u00e0ng.<\/p>\n<\/li>\n<li>\n<p data-path-to-node=\"12,4,0\"><b data-path-to-node=\"12,4,0\" data-index-in-node=\"0\">M\u00e0u s\u1eafc:<\/b> Tr\u1eafng ph\u1ed1i v\u00e2n g\u1ed7 s\u00e1ng.<\/p>\n<\/li>\n<\/ul>\n","protected":false},"excerpt":{"rendered":"<p>S\u1edf h\u1eefu thi\u1ebft k\u1ebf th\u00f4ng minh v\u1edbi g\u01b0\u01a1ng \u0111\u00e8n LED c\u1ea3m \u1ee9ng chu\u1ea9n studio v\u00e0 h\u1ec7 ng\u0103n k\u00e9o l\u01b0u tr\u1eef c\u1ef1c l\u1edbn. M\u1eabu b\u00e0n MS001 l\u00e0 s\u1ef1 k\u1ebft h\u1ee3p ho\u00e0n h\u1ea3o gi\u1eefa t\u00f4ng m\u00e0u tr\u1eafng thanh l\u1ecbch v\u00e0 v\u00e2n g\u1ed7 \u1ea5m \u00e1p, gi\u00fap g\u00f3c l\u00e0m \u0111\u1eb9p c\u1ee7a b\u1ea1n lu\u00f4n ng\u0103n n\u1eafp, sang tr\u1ecdng v\u00e0 \u0111\u1ea7y c\u1ea3m h\u1ee9ng.<\/p>\n","protected":false},"featured_media":23790,"comment_status":"open","ping_status":"closed","template":"","meta":[],"product_brand":[],"product_cat":[38,37,35],"product_tag":[51,52,54,47,50,53],"class_list":{"0":"post-23235","1":"product","2":"type-product","3":"status-publish","4":"has-post-thumbnail","6":"product_cat-ban-trang-diem","7":"product_cat-giuong","8":"product_cat-ke-tivi","9":"product_tag-bantrangdiemcodenled","10":"product_tag-bantrangdiemhiendai","11":"product_tag-goclamdep","12":"product_tag-noithathungphat","13":"product_tag-noithatnhuacaocap","14":"product_tag-noithatphongngu","16":"first","17":"instock","18":"shipping-taxable","19":"purchasable","20":"product-type-simple"},"_links":{"self":[{"href":"https:\/\/hungphatfurniture.vn\/index.php?rest_route=\/wp\/v2\/product\/23235","targetHints":{"allow":["GET"]}}],"collection":[{"href":"https:\/\/hungphatfurniture.vn\/index.php?rest_route=\/wp\/v2\/product"}],"about":[{"href":"https:\/\/hungphatfurniture.vn\/index.php?rest_route=\/wp\/v2\/types\/product"}],"replies":[{"embeddable":true,"href":"https:\/\/hungphatfurniture.vn\/index.php?rest_route=%2Fwp%2Fv2%2Fcomments&post=23235"}],"version-history":[{"count":3,"href":"https:\/\/hungphatfurniture.vn\/index.php?rest_route=\/wp\/v2\/product\/23235\/revisions"}],"predecessor-version":[{"id":23792,"href":"https:\/\/hungphatfurniture.vn\/index.php?rest_route=\/wp\/v2\/product\/23235\/revisions\/23792"}],"wp:featuredmedia":[{"embeddable":true,"href":"https:\/\/hungphatfurniture.vn\/index.php?rest_route=\/wp\/v2\/media\/23790"}],"wp:attachment":[{"href":"https:\/\/hungphatfurniture.vn\/index.php?rest_route=%2Fwp%2Fv2%2Fmedia&parent=23235"}],"wp:term":[{"taxonomy":"product_brand","embeddable":true,"href":"https:\/\/hungphatfurniture.vn\/index.php?rest_route=%2Fwp%2Fv2%2Fproduct_brand&post=23235"},{"taxonomy":"product_cat","embeddable":true,"href":"https:\/\/hungphatfurniture.vn\/index.php?rest_route=%2Fwp%2Fv2%2Fproduct_cat&post=23235"},{"taxonomy":"product_tag","embeddable":true,"href":"https:\/\/hungphatfurniture.vn\/index.php?rest_route=%2Fwp%2Fv2%2Fproduct_tag&post=23235"}],"curies":[{"name":"wp","href":"https:\/\/api.w.org\/{rel}","templated":true}]}}