{"id":23237,"date":"2025-04-14T03:00:32","date_gmt":"2025-04-14T03:00:32","guid":{"rendered":"https:\/\/kizu.bzotech.com\/?post_type=product&#038;p=23237"},"modified":"2026-03-26T06:42:21","modified_gmt":"2026-03-25T23:42:21","slug":"tu-giay-hien-dai-ms001","status":"publish","type":"product","link":"https:\/\/hungphatfurniture.vn\/?product=tu-giay-hien-dai-ms001","title":{"rendered":"T\u1ee7 Gi\u00e0y Hi\u1ec7n \u0110\u1ea1i MS001"},"content":{"rendered":"<p data-path-to-node=\"8\"><b data-path-to-node=\"8\" data-index-in-node=\"0\">S\u1ef1 k\u1ebft h\u1ee3p gi\u1eefa t\u00ednh n\u0103ng v\u00e0 \u0111\u1ed9 b\u1ec1n<\/b> Khu v\u1ef1c c\u1eeda ra v\u00e0o th\u01b0\u1eddng l\u00e0 n\u01a1i ti\u1ebfp x\u00fac tr\u1ef1c ti\u1ebfp v\u1edbi \u0111\u1ed9 \u1ea9m t\u1eeb b\u00ean ngo\u00e0i. V\u1edbi m\u1eabu t\u1ee7 gi\u00e0y MS001 l\u00e0m b\u1eb1ng ch\u1ea5t li\u1ec7u nh\u1ef1a cao c\u1ea5p t\u1ea1i N\u1ed9i Th\u1ea5t H\u01b0ng Ph\u00e1t, b\u1ea1n ho\u00e0n to\u00e0n c\u00f3 th\u1ec3 y\u00ean t\u00e2m v\u1ec1 \u0111\u1ed9 b\u1ec1n c\u1ee7a s\u1ea3n ph\u1ea9m tr\u01b0\u1edbc m\u1ecdi \u0111i\u1ec1u ki\u1ec7n th\u1eddi ti\u1ebft, \u0111\u1ed3ng th\u1eddi gi\u1eef cho s\u1ea3nh \u0111\u00f3n kh\u00e1ch lu\u00f4n sang tr\u1ecdng.<\/p>\n<p data-path-to-node=\"9\"><b data-path-to-node=\"9\" data-index-in-node=\"0\">\u0110i\u1ec3m n\u1ed5i b\u1eadt c\u1ee7a s\u1ea3n ph\u1ea9m:<\/b><\/p>\n<ul data-path-to-node=\"10\">\n<li>\n<p data-path-to-node=\"10,0,0\"><b data-path-to-node=\"10,0,0\" data-index-in-node=\"0\">Ch\u1ea5t li\u1ec7u nh\u1ef1a \u01b0u vi\u1ec7t:<\/b> S\u1eed d\u1ee5ng nh\u1ef1a d\u00e0y d\u1eb7n (Vincoplast), c\u00f3 kh\u1ea3 n\u0103ng ch\u1ecbu l\u1ef1c t\u1ed1t, ch\u1ed1ng ch\u00e1y lan, \u0111\u1eb7c bi\u1ec7t kh\u00f4ng th\u1ea5m n\u01b0\u1edbc v\u00e0 kh\u00f4ng b\u1ecb m\u1ed1i m\u1ecdt nh\u01b0 g\u1ed7 th\u00f4ng th\u01b0\u1eddng.<\/p>\n<\/li>\n<li>\n<p data-path-to-node=\"10,1,0\"><b data-path-to-node=\"10,1,0\" data-index-in-node=\"0\">Thi\u1ebft k\u1ebf k\u1ecbch tr\u1ea7n th\u00f4ng minh:<\/b> T\u1eadn d\u1ee5ng t\u1ed1i \u0111a chi\u1ec1u cao \u0111\u1ec3 l\u01b0u tr\u1eef m\u0169 b\u1ea3o hi\u1ec3m, \u0111\u1ed3 \u00edt d\u00f9ng \u1edf ng\u0103n tr\u00ean cao, gi\u00fap kh\u00f4ng gian lu\u00f4n g\u1ecdn g\u00e0ng.<\/p>\n<\/li>\n<li>\n<p data-path-to-node=\"10,2,0\"><b data-path-to-node=\"10,2,0\" data-index-in-node=\"0\">Ng\u0103n h\u1edf ti\u1ec7n d\u1ee5ng:<\/b> Ph\u00eda d\u01b0\u1edbi c\u00f9ng \u0111\u01b0\u1ee3c thi\u1ebft k\u1ebf ng\u0103n kh\u00f4ng c\u00e1nh, gi\u00fap b\u1ea1n c\u1ea5t nhanh nh\u1eefng \u0111\u00f4i d\u00e9p \u0111i trong nh\u00e0 ho\u1eb7c gi\u00e0y \u0111i h\u00e0ng ng\u00e0y m\u00e0 kh\u00f4ng c\u1ea7n m\u1edf c\u1eeda t\u1ee7, t\u1ea1o s\u1ef1 th\u00f4ng tho\u00e1ng, tr\u00e1nh \u00e1m m\u00f9i.<\/p>\n<\/li>\n<li>\n<p data-path-to-node=\"10,3,0\"><b data-path-to-node=\"10,3,0\" data-index-in-node=\"0\">Ph\u1ed1i m\u00e0u trang nh\u00e3:<\/b> S\u1ef1 k\u1ebft h\u1ee3p gi\u1eefa t\u00f4ng tr\u1eafng s\u1ea1ch s\u1ebd v\u00e0 v\u00e2n g\u1ed7 nh\u1ef1a \u1ea5m \u00e1p mang l\u1ea1i v\u1ebb \u0111\u1eb9p hi\u1ec7n \u0111\u1ea1i, ph\u00f9 h\u1ee3p v\u1edbi m\u1ecdi phong c\u00e1ch n\u1ed9i th\u1ea5t t\u1eeb c\u0103n h\u1ed9 \u0111\u1ebfn nh\u00e0 ph\u1ed1.<\/p>\n<\/li>\n<li>\n<p data-path-to-node=\"10,4,0\"><b data-path-to-node=\"10,4,0\" data-index-in-node=\"0\">D\u1ec5 d\u00e0ng v\u1ec7 sinh:<\/b> B\u1ec1 m\u1eb7t nh\u1ef1a b\u00f3ng m\u1ecbn, ch\u1ec9 c\u1ea7n m\u1ed9t chi\u1ebfc kh\u0103n \u1ea9m l\u00e0 c\u00f3 th\u1ec3 \u0111\u00e1nh bay m\u1ecdi v\u1ebft b\u1ea9n t\u1eeb gi\u00e0y d\u00e9p b\u00e1m v\u00e0o.<\/p>\n<\/li>\n<\/ul>\n<p data-path-to-node=\"11\"><b data-path-to-node=\"11\" data-index-in-node=\"0\">Th\u00f4ng s\u1ed1 k\u1ef9 thu\u1eadt:<\/b><\/p>\n<ul data-path-to-node=\"12\">\n<li>\n<p data-path-to-node=\"12,0,0\"><b data-path-to-node=\"12,0,0\" data-index-in-node=\"0\">M\u00e3 s\u1ea3n ph\u1ea9m:<\/b> MS001<\/p>\n<\/li>\n<li>\n<p data-path-to-node=\"12,1,0\"><b data-path-to-node=\"12,1,0\" data-index-in-node=\"0\">Ch\u1ea5t li\u1ec7u:<\/b> Nh\u1ef1a cao c\u1ea5p (Ch\u1ed1ng n\u01b0\u1edbc, ch\u1ed1ng m\u1ed1i m\u1ecdt).<\/p>\n<\/li>\n<li>\n<p data-path-to-node=\"12,2,0\"><b data-path-to-node=\"12,2,0\" data-index-in-node=\"0\">K\u00edch th\u01b0\u1edbc:<\/b> May \u0111o theo di\u1ec7n t\u00edch th\u1ef1c t\u1ebf t\u1ea1i s\u1ea3nh nh\u00e0 kh\u00e1ch h\u00e0ng.<\/p>\n<\/li>\n<li>\n<p data-path-to-node=\"12,3,0\"><b data-path-to-node=\"12,3,0\" data-index-in-node=\"0\">M\u00e0u s\u1eafc:<\/b> Tr\u1eafng ph\u1ed1i v\u00e2n g\u1ed7 (Ho\u1eb7c t\u00f9y ch\u1ecdn theo b\u1ea3ng m\u00e0u nh\u1ef1a).<\/p>\n<\/li>\n<li>\n<p data-path-to-node=\"12,4,0\"><b data-path-to-node=\"12,4,0\" data-index-in-node=\"0\">B\u1ea3o h\u00e0nh:<\/b> 2 n\u0103m v\u1ec1 ch\u1ea5t li\u1ec7u nh\u1ef1a.<\/p>\n<\/li>\n<\/ul>\n","protected":false},"excerpt":{"rendered":"<p>\u0110\u01b0\u1ee3c ch\u1ebf t\u00e1c t\u1eeb ch\u1ea5t li\u1ec7u nh\u1ef1a cao c\u1ea5p ch\u1ed1ng n\u01b0\u1edbc 100%, t\u1ee7 gi\u00e0y MS001 l\u00e0 gi\u1ea3i ph\u00e1p ho\u00e0n h\u1ea3o cho c\u0103n h\u1ed9 hi\u1ec7n \u0111\u1ea1i. Thi\u1ebft k\u1ebf k\u1ecbch tr\u1ea7n k\u1ebft h\u1ee3p ng\u0103n k\u1ec7 h\u1edf ti\u1ec7n l\u1ee3i gi\u00fap c\u0103n nh\u00e0 lu\u00f4n ng\u0103n n\u1eafp, kh\u00f4ng c\u00f2n n\u1ed7i lo \u1ea9m m\u1ed1c hay m\u1ed1i m\u1ecdt theo th\u1eddi gian.<\/p>\n","protected":false},"featured_media":23784,"comment_status":"open","ping_status":"closed","template":"","meta":[],"product_brand":[],"product_cat":[37,35,39],"product_tag":[47,50,49,48],"class_list":{"0":"post-23237","1":"product","2":"type-product","3":"status-publish","4":"has-post-thumbnail","6":"product_cat-giuong","7":"product_cat-ke-tivi","8":"product_cat-tu-giay","9":"product_tag-noithathungphat","10":"product_tag-noithatnhuacaocap","11":"product_tag-tugiaychongnuoc","12":"product_tag-tugiaynhua","14":"first","15":"instock","16":"sale","17":"shipping-taxable","18":"purchasable","19":"product-type-simple"},"_links":{"self":[{"href":"https:\/\/hungphatfurniture.vn\/index.php?rest_route=\/wp\/v2\/product\/23237","targetHints":{"allow":["GET"]}}],"collection":[{"href":"https:\/\/hungphatfurniture.vn\/index.php?rest_route=\/wp\/v2\/product"}],"about":[{"href":"https:\/\/hungphatfurniture.vn\/index.php?rest_route=\/wp\/v2\/types\/product"}],"replies":[{"embeddable":true,"href":"https:\/\/hungphatfurniture.vn\/index.php?rest_route=%2Fwp%2Fv2%2Fcomments&post=23237"}],"version-history":[{"count":3,"href":"https:\/\/hungphatfurniture.vn\/index.php?rest_route=\/wp\/v2\/product\/23237\/revisions"}],"predecessor-version":[{"id":23786,"href":"https:\/\/hungphatfurniture.vn\/index.php?rest_route=\/wp\/v2\/product\/23237\/revisions\/23786"}],"wp:featuredmedia":[{"embeddable":true,"href":"https:\/\/hungphatfurniture.vn\/index.php?rest_route=\/wp\/v2\/media\/23784"}],"wp:attachment":[{"href":"https:\/\/hungphatfurniture.vn\/index.php?rest_route=%2Fwp%2Fv2%2Fmedia&parent=23237"}],"wp:term":[{"taxonomy":"product_brand","embeddable":true,"href":"https:\/\/hungphatfurniture.vn\/index.php?rest_route=%2Fwp%2Fv2%2Fproduct_brand&post=23237"},{"taxonomy":"product_cat","embeddable":true,"href":"https:\/\/hungphatfurniture.vn\/index.php?rest_route=%2Fwp%2Fv2%2Fproduct_cat&post=23237"},{"taxonomy":"product_tag","embeddable":true,"href":"https:\/\/hungphatfurniture.vn\/index.php?rest_route=%2Fwp%2Fv2%2Fproduct_tag&post=23237"}],"curies":[{"name":"wp","href":"https:\/\/api.w.org\/{rel}","templated":true}]}}