{"id":9515,"date":"2024-08-21T08:20:06","date_gmt":"2024-08-21T08:20:06","guid":{"rendered":"https:\/\/kizu.bzotech.com\/?post_type=product&#038;p=9515"},"modified":"2026-03-26T07:32:02","modified_gmt":"2026-03-26T00:32:02","slug":"ke-vach-tivi-ms001","status":"publish","type":"product","link":"https:\/\/hungphatfurniture.vn\/?product=ke-vach-tivi-ms001","title":{"rendered":"K\u1ec7 v\u00e1ch Tivi MS001"},"content":{"rendered":"<p data-path-to-node=\"8\"><b data-path-to-node=\"8\" data-index-in-node=\"0\">S\u1ef1 k\u1ebft h\u1ee3p ho\u00e0n h\u1ea3o gi\u1eefa c\u00f4ng n\u0103ng v\u00e0 th\u1ea9m m\u1ef9<\/b><\/p>\n<p data-path-to-node=\"8\">K\u1ec7 v\u00e1ch tivi MS001 l\u00e0 c\u00e2u tr\u1ea3 l\u1eddi cho nh\u1eefng kh\u00f4ng gian s\u1ed1ng hi\u1ec7n \u0111\u1ea1i c\u1ea7n s\u1ef1 ph\u00e2n chia khu v\u1ef1c r\u1ea1ch r\u00f2i nh\u01b0ng kh\u00f4ng mu\u1ed1n d\u00f9ng nh\u1eefng b\u1ee9c t\u01b0\u1eddng g\u1ea1ch b\u00ed b\u00e1ch. S\u1ea3n ph\u1ea9m t\u1ea1o ra m\u1ed9t \u0111i\u1ec3m nh\u1ea5n ki\u1ebfn tr\u00fac \u0111\u1ed9c \u0111\u00e1o, gi\u00fap ng\u00f4i nh\u00e0 tr\u00f4ng r\u1ed9ng r\u00e3i v\u00e0 sang tr\u1ecdng h\u01a1n.<\/p>\n<p data-path-to-node=\"9\"><b data-path-to-node=\"9\" data-index-in-node=\"0\">\u0110i\u1ec3m n\u1ed5i b\u1eadt c\u1ee7a s\u1ea3n ph\u1ea9m:<\/b><\/p>\n<ul data-path-to-node=\"10\">\n<li>\n<p data-path-to-node=\"10,0,0\"><b data-path-to-node=\"10,0,0\" data-index-in-node=\"0\">Thi\u1ebft k\u1ebf &#8220;2 trong 1&#8221;:<\/b> M\u1eb7t tr\u01b0\u1edbc l\u00e0 k\u1ec7 tivi v\u1edbi c\u00e1c ng\u0103n k\u00e9o v\u00e0 h\u1ed9c \u0111\u1ec3 \u0111\u1ed3 ti\u1ec7n d\u1ee5ng. C\u1ea5u tr\u00fac d\u1ea1ng c\u1ed9t thanh m\u1ea3nh \u0111\u00f3ng vai tr\u00f2 l\u00e0 v\u00e1ch ng\u0103n ph\u00f2ng kh\u00e1ch, gi\u00fap l\u01b0u th\u00f4ng \u00e1nh s\u00e1ng v\u00e0 kh\u00f4ng kh\u00ed tuy\u1ec7t \u0111\u1ed1i.<\/p>\n<\/li>\n<li>\n<p data-path-to-node=\"10,1,0\"><b data-path-to-node=\"10,1,0\" data-index-in-node=\"0\">H\u1ec7 k\u1ec7 trang tr\u00ed \u0111a n\u0103ng:<\/b> C\u00e1c \u00f4 tr\u1ed1ng \u0111\u01b0\u1ee3c s\u1eafp x\u1ebfp khoa h\u1ecdc, l\u00fd t\u01b0\u1edfng \u0111\u1ec3 tr\u01b0ng b\u00e0y \u0111\u1ed3 l\u01b0u ni\u1ec7m, s\u00e1ch b\u00e1o, b\u00ecnh hoa ho\u1eb7c nh\u1eefng m\u00f3n \u0111\u1ed3 decor y\u00eau th\u00edch, th\u1ec3 hi\u1ec7n c\u00e1 t\u00ednh ri\u00eang c\u1ee7a gia ch\u1ee7.<\/p>\n<\/li>\n<li>\n<p data-path-to-node=\"10,2,0\"><b data-path-to-node=\"10,2,0\" data-index-in-node=\"0\">Ch\u1ea5t li\u1ec7u cao c\u1ea5p:<\/b> S\u1ea3n ph\u1ea9m \u0111\u01b0\u1ee3c thi c\u00f4ng t\u1eeb g\u1ed7 MDF c\u1ed1t xanh ch\u1ed1ng \u1ea9m chu\u1ea9n Th\u00e1i Lan, b\u1ec1 m\u1eb7t ph\u1ee7 Melamine v\u00e2n g\u1ed7 s\u1eafc n\u00e9t, ch\u1ed1ng tr\u1ea7y x\u01b0\u1edbc v\u00e0 ch\u1ecbu l\u1ef1c t\u1ed1t.<\/p>\n<\/li>\n<li>\n<p data-path-to-node=\"10,3,0\"><b data-path-to-node=\"10,3,0\" data-index-in-node=\"0\">Ph\u1ed1i m\u00e0u tinh t\u1ebf:<\/b> Tone m\u00e0u g\u1ed7 t\u1ef1 nhi\u00ean tr\u1ea7m \u1ea5m ph\u1ed1i c\u00f9ng c\u00e1c chi ti\u1ebft hi\u1ec7n \u0111\u1ea1i, t\u1ea1o c\u1ea3m gi\u00e1c g\u1ea7n g\u0169i nh\u01b0ng v\u1eabn v\u00f4 c\u00f9ng \u0111\u1eb3ng c\u1ea5p.<\/p>\n<\/li>\n<li>\n<p data-path-to-node=\"10,4,0\"><b data-path-to-node=\"10,4,0\" data-index-in-node=\"0\">Thi c\u00f4ng ch\u1eafc ch\u1eafn:<\/b> H\u1ec7 th\u1ed1ng khung c\u1ed9t \u0111\u01b0\u1ee3c gia c\u1ed1 v\u1eefng ch\u1eafc t\u1eeb s\u00e0n \u0111\u1ebfn tr\u1ea7n, \u0111\u1ea3m b\u1ea3o \u0111\u1ed9 an to\u00e0n tuy\u1ec7t \u0111\u1ed1i v\u00e0 t\u00ednh th\u1ea9m m\u1ef9 cao, kh\u00f4ng l\u1ed9 v\u00edt.<\/p>\n<\/li>\n<\/ul>\n<p data-path-to-node=\"11\"><b data-path-to-node=\"11\" data-index-in-node=\"0\">Th\u00f4ng s\u1ed1 k\u1ef9 thu\u1eadt:<\/b><\/p>\n<ul data-path-to-node=\"12\">\n<li>\n<p data-path-to-node=\"12,0,0\"><b data-path-to-node=\"12,0,0\" data-index-in-node=\"0\">M\u00e3 s\u1ea3n ph\u1ea9m:<\/b> MS001<\/p>\n<\/li>\n<li>\n<p data-path-to-node=\"12,1,0\"><b data-path-to-node=\"12,1,0\" data-index-in-node=\"0\">Lo\u1ea1i s\u1ea3n ph\u1ea9m:<\/b> K\u1ec7 tivi k\u1ebft h\u1ee3p v\u00e1ch ng\u0103n trang tr\u00ed.<\/p>\n<\/li>\n<li>\n<p data-path-to-node=\"12,2,0\"><b data-path-to-node=\"12,2,0\" data-index-in-node=\"0\">Ch\u1ea5t li\u1ec7u:<\/b> MDF c\u1ed1t xanh ch\u1ed1ng \u1ea9m cao c\u1ea5p.<\/p>\n<\/li>\n<li>\n<p data-path-to-node=\"12,3,0\"><b data-path-to-node=\"12,3,0\" data-index-in-node=\"0\">K\u00edch th\u01b0\u1edbc:<\/b> Thi\u1ebft k\u1ebf v\u00e0 thi c\u00f4ng theo di\u1ec7n t\u00edch th\u1ef1c t\u1ebf t\u1ea1i nh\u00e0 kh\u00e1ch h\u00e0ng.<\/p>\n<\/li>\n<li>\n<p data-path-to-node=\"12,4,0\"><b data-path-to-node=\"12,4,0\" data-index-in-node=\"0\">M\u00e0u s\u1eafc:<\/b> T\u00f9y ch\u1ecdn m\u00e3 m\u00e0u v\u00e2n g\u1ed7 theo catalogue.<\/p>\n<\/li>\n<\/ul>\n","protected":false},"excerpt":{"rendered":"<p>Thi\u1ebft k\u1ebf \u0111a n\u0103ng v\u1eeba l\u00e0 k\u1ec7 tivi sang tr\u1ecdng, v\u1eeba l\u00e0 v\u00e1ch ng\u0103n tinh t\u1ebf gi\u00fap t\u1ed1i \u01b0u h\u00f3a di\u1ec7n t\u00edch. V\u1edbi phong c\u00e1ch hi\u1ec7n \u0111\u1ea1i, ph\u1ed1i m\u00e0u v\u00e2n g\u1ed7 \u1ea5m \u00e1p v\u00e0 h\u1ec7 h\u1ed9c trang tr\u00ed ti\u1ec7n l\u1ee3i, MS001 mang \u0111\u1ebfn di\u1ec7n m\u1ea1o m\u1edbi \u0111\u1ea7y \u1ea5n t\u01b0\u1ee3ng v\u00e0 g\u1ecdn g\u00e0ng cho ph\u00f2ng kh\u00e1ch c\u1ee7a b\u1ea1n.<\/p>\n","protected":false},"featured_media":23829,"comment_status":"open","ping_status":"closed","template":"","meta":[],"product_brand":[32],"product_cat":[37,39,36,45],"product_tag":[],"class_list":{"0":"post-9515","1":"product","2":"type-product","3":"status-publish","4":"has-post-thumbnail","6":"product_brand-ecoshop","7":"product_cat-giuong","8":"product_cat-tu-giay","9":"product_cat-tu-quan-ao","10":"product_cat-vach-tivi","12":"first","13":"instock","14":"sale","15":"shipping-taxable","16":"product-type-external"},"_links":{"self":[{"href":"https:\/\/hungphatfurniture.vn\/index.php?rest_route=\/wp\/v2\/product\/9515","targetHints":{"allow":["GET"]}}],"collection":[{"href":"https:\/\/hungphatfurniture.vn\/index.php?rest_route=\/wp\/v2\/product"}],"about":[{"href":"https:\/\/hungphatfurniture.vn\/index.php?rest_route=\/wp\/v2\/types\/product"}],"replies":[{"embeddable":true,"href":"https:\/\/hungphatfurniture.vn\/index.php?rest_route=%2Fwp%2Fv2%2Fcomments&post=9515"}],"version-history":[{"count":2,"href":"https:\/\/hungphatfurniture.vn\/index.php?rest_route=\/wp\/v2\/product\/9515\/revisions"}],"predecessor-version":[{"id":23830,"href":"https:\/\/hungphatfurniture.vn\/index.php?rest_route=\/wp\/v2\/product\/9515\/revisions\/23830"}],"wp:featuredmedia":[{"embeddable":true,"href":"https:\/\/hungphatfurniture.vn\/index.php?rest_route=\/wp\/v2\/media\/23829"}],"wp:attachment":[{"href":"https:\/\/hungphatfurniture.vn\/index.php?rest_route=%2Fwp%2Fv2%2Fmedia&parent=9515"}],"wp:term":[{"taxonomy":"product_brand","embeddable":true,"href":"https:\/\/hungphatfurniture.vn\/index.php?rest_route=%2Fwp%2Fv2%2Fproduct_brand&post=9515"},{"taxonomy":"product_cat","embeddable":true,"href":"https:\/\/hungphatfurniture.vn\/index.php?rest_route=%2Fwp%2Fv2%2Fproduct_cat&post=9515"},{"taxonomy":"product_tag","embeddable":true,"href":"https:\/\/hungphatfurniture.vn\/index.php?rest_route=%2Fwp%2Fv2%2Fproduct_tag&post=9515"}],"curies":[{"name":"wp","href":"https:\/\/api.w.org\/{rel}","templated":true}]}}